{"id":2929,"date":"2019-09-13T12:22:48","date_gmt":"2019-09-13T10:22:48","guid":{"rendered":"https:\/\/www.lesughere.it\/agriturismo\/"},"modified":"2023-12-12T17:38:47","modified_gmt":"2023-12-12T16:38:47","slug":"bed-and-breakfast","status":"publish","type":"page","link":"https:\/\/www.lesughere.it\/de\/agriturismus\/bed-and-breakfast\/","title":{"rendered":"Agriturismus B&#038;B"},"content":{"rendered":"<p>[vc_row css=&#8220;.vc_custom_1569502078273{padding-bottom: 40px !important;}&#8220;][vc_column][vc_column_text]Zwei typischen Farmh\u00e4usern werden als Bed &amp; Breakfast genutzt, die durch eine gro\u00dfe Veranda miteinander verbunden sind. Sie wurde unter besonderer Ber\u00fccksichtigung der R\u00fcckgewinnung von Originalmaterialien wie dem alten Terrakottaboden renoviert und mit M\u00f6beln aus den sp\u00e4ten 800er bis fr\u00fchen 900er Jahren ausgestattet. Sind anwesend neun Zimmern mit Meer- oder Gartenblick, jeweils mit Bad, TV, Minibar, Klimaanlage und Safe.<\/p>\n<p>Die Farmh\u00e4user befinden sich an den Nordh\u00e4ngen des Monte Fico innerhalb der Le Sughere Farm. Dieses h\u00fcgelige Gebiet ist von Terrassen umgeben, die von Steinmauern umgeben sind, die von Weinbergen, Korkeichen und jahrhundertealten Steineichen, Myrten und Erdbeerb\u00e4umen umgeben sind. Der Frieden und die Stille werden nur unterbrochen von den Ger\u00e4uschen des Waldes. Die Villa bietet einen weiten Blick auf das Meer und insbesondere auf die Inseln Palmaiola und Cerboli.<\/p>\n<p>Das Klima ist gut durchl\u00fcftet und durch die dichte Vegetation ist die Temperatur an den Sommerabenden angenehm.<\/p>\n<p>Der gro\u00dfe Pool mit 14 x 6m ist ausgestattet mit eleganten Liegest\u00fchlen und Sonnenliegen und einem gut beschatteten schmiedeeisernen Pavillon aus dem 18. Jahrhundert. Die Poolanlage ist von einem \u00fcppigen Garten umgeben und bietet eine Oase der Ruhe mit Meerblick.<\/p>\n<p>Ein bequemer Parkplatz von ausreichender Gr\u00f6\u00dfe steht den\u00a0Kunden zur Verf\u00fcgung.<br \/>\nDie Farmh\u00e4usern sind 2 km entfernt vom Meer und des malerischen Dorfes Rio Marina, dessen Yachthafen vom alten Torre degli Appiani aus dem Jahr 1534 dominiert wird.<br \/>\nRio Marina, die Wiege der Bergbaukultur und der alten gastronomischen Traditionen, bietet ein wundersch\u00f6nes Meer und Str\u00e4nde mit Blick auf die &#8222;Costa che Brilla&#8220;.<\/p>\n<p>Die letzten 500 Meter bis zum Bauwerk sind nicht asphaltiert, aber mit jedem Fahrzeug sorgf\u00e4ltig befahrbar.[\/vc_column_text][vc_masonry_media_grid style=&#8220;lazy&#8220; items_per_page=&#8220;18&#8243; element_width=&#8220;2&#8243; gap=&#8220;10&#8243; item=&#8220;mediaGrid_SlideInTitle&#8220; grid_id=&#8220;vc_gid:1702398858769-856f393f-5632-4&#8243; include=&#8220;3862,3865,3868,3871,3874,3877,3880,3883,3886,3889,3892,3895,3898,3901,3904,3922,3925,3931,3934,3940,3943,3946,3958,3967,3970,3973,3976,3982,3985,3988,3991,3997,4000,4003,4006,4009,4015,4021,4024,4027,4030,4039,4042,4045,4048,4054,4057,4060,4066,4069&#8243; css=&#8220;.vc_custom_1690968905948{margin-top: 40px !important;margin-bottom: 40px !important;}&#8220;][vc_row_inner][vc_column_inner width=&#8220;1\/3&#8243;][vc_empty_space height=&#8220;40px&#8220;][vc_column_text]<\/p>\n<h3>Zimmerausstattung<\/h3>\n<p>[\/vc_column_text][vc_raw_html]JTNDc3R5bGUlM0UlMEEudmNfaWNvbl9lbGVtZW50LWljb24lMjAlN0IlMjBmb250LXNpemUlM0ElMjAyNHB4JTNCJTIwbGluZS1oZWlnaHQlM0ElMjAzNnB4JTNCJTIwd2lkdGglM0ElMjA0MHB4JTNCJTIwdGV4dC1hbGlnbiUzQSUyMGNlbnRlciUzQiUyMCU3RCUwQSUzQyUyRnN0eWxlJTNFJTBBJTNDc3BhbiUyMGNsYXNzJTNEJTIydmNfaWNvbl9lbGVtZW50LWljb24lMjBmYSUyMGZhLXdpZmklMjIlM0UlM0MlMkZzcGFuJTNFJTIwV2ktZmklMEElM0NiciUyMCUyRiUzRSUwQSUzQ3NwYW4lMjBjbGFzcyUzRCUyMnZjX2ljb25fZWxlbWVudC1pY29uJTIwZmElMjBmYS1nbGFzcyUyMiUzRSUzQyUyRnNwYW4lM0UlMjBNaW5pYmFyJTBBJTNDYnIlMjAlMkYlM0UlMEElM0NzcGFuJTIwY2xhc3MlM0QlMjJ2Y19pY29uX2VsZW1lbnQtaWNvbiUyMGZhJTIwZmEtdGVsZXZpc2lvbiUyMiUzRSUzQyUyRnNwYW4lM0UlMjBUViUwQSUzQ2JyJTIwJTJGJTNFJTBBJTNDc3BhbiUyMGNsYXNzJTNEJTIydmNfaWNvbl9lbGVtZW50LWljb24lMjBmYSUyMGZhLWtleSUyMiUzRSUzQyUyRnNwYW4lM0UlMjBXQyUwQSUzQ2JyJTIwJTJGJTNFJTBBJTNDc3BhbiUyMGNsYXNzJTNEJTIydmNfaWNvbl9lbGVtZW50LWljb24lMjBmYSUyMGZhLXNub3dmbGFrZS1vJTIyJTNFJTNDJTJGc3BhbiUzRSUyMEtsaW1hYW5sYWdlJTBBJTNDYnIlMjAlMkYlM0UlMEElM0NzcGFuJTIwY2xhc3MlM0QlMjJ2Y19pY29uX2VsZW1lbnQtaWNvbiUyMGZhJTIwZmEtZmlyZSUyMiUzRSUzQyUyRnNwYW4lM0UlMjBXJUMzJUE0cm1lcHVtcGUlMEElM0NiciUyMCUyRiUzRSUwQSUzQ3NwYW4lMjBjbGFzcyUzRCUyMnZjX2ljb25fZWxlbWVudC1pY29uJTIwZmElMjBmYS11c2QlMjIlM0UlM0MlMkZzcGFuJTNFJTIwU2FmZQ==[\/vc_raw_html][\/vc_column_inner][vc_column_inner width=&#8220;1\/3&#8243;][vc_empty_space height=&#8220;40px&#8220;][vc_column_text]<\/p>\n<h3>Agriturismus Dienstleistungen<\/h3>\n<p>[\/vc_column_text][vc_raw_html]JTNDc3BhbiUyMGNsYXNzJTNEJTIydmNfaWNvbl9lbGVtZW50LWljb24lMjBmYSUyMGZhLXdpZmklMjIlM0UlM0MlMkZzcGFuJTNFJTIwV2ktZmklMEElM0NiciUyMCUyRiUzRSUwQSUzQ3NwYW4lMjBjbGFzcyUzRCUyMnZjX2ljb25fZWxlbWVudC1pY29uJTIwZmElMjBmYS10ZWxldmlzaW9uJTIyJTNFJTNDJTJGc3BhbiUzRSUyMEZlcm5zZWhlciUyMGltJTIwV29obnppbW1lciUwQSUzQ2JyJTIwJTJGJTNFJTBBJTNDc3BhbiUyMGNsYXNzJTNEJTIydmNfaWNvbl9lbGVtZW50LWljb24lMjBmYSUyMGZhLXRpbnQlMjIlM0UlM0MlMkZzcGFuJTNFJTIwUG9vbCUwQSUzQ2JyJTIwJTJGJTNFJTBBJTNDc3BhbiUyMGNsYXNzJTNEJTIydmNfaWNvbl9lbGVtZW50LWljb24lMjBmYSUyMGZhLWNhciUyMiUzRSUzQyUyRnNwYW4lM0UlMjBQYXJrcGxhdHo=[\/vc_raw_html][\/vc_column_inner][vc_column_inner el_class=&#8220;hidden&#8220; width=&#8220;1\/3&#8243;][vc_empty_space height=&#8220;40px&#8220;][vc_column_text]<\/p>\n<h3>Extra Dienstleistungen<\/h3>\n<p>[\/vc_column_text][vc_raw_html]JTNDc3BhbiUyMGNsYXNzJTNEJTIydmNfaWNvbl9lbGVtZW50LWljb24lMjBmYSUyMGZhLW1hZ2ljJTIyJTNFJTNDJTJGc3BhbiUzRSUyMFQlQzMlQTRnbGljaGUlMjBSZWluaWd1bmclMEElM0NiciUyMCUyRiUzRSUwQSUzQ3NwYW4lMjBjbGFzcyUzRCUyMnZjX2ljb25fZWxlbWVudC1pY29uJTIwZmElMjBmYS1jdXRsZXJ5JTIyJTNFJTNDJTJGc3BhbiUzRSUyMEtvY2glMjBpbiUyMGRlciUyMFZpbGxhJTBBJTNDYnIlMjAlMkYlM0UlMEElM0NzcGFuJTIwY2xhc3MlM0QlMjJ2Y19pY29uX2VsZW1lbnQtaWNvbiUyMGZhJTIwZmEtc2hvcHBpbmctY2FydCUyMiUzRSUzQyUyRnNwYW4lM0UlMjBFaW5rYXVmc2xpZWZlcmRpZW5zdCUwQSUzQ2JyJTIwJTJGJTNFJTBBJTNDc3BhbiUyMGNsYXNzJTNEJTIydmNfaWNvbl9lbGVtZW50LWljb24lMjBmYSUyMGZhLXBhdyUyMiUzRSUzQyUyRnNwYW4lM0UlMjBIdW5kZXNpdHRlcg==[\/vc_raw_html][\/vc_column_inner][\/vc_row_inner][\/vc_column][\/vc_row]<\/p>\n","protected":false},"excerpt":{"rendered":"<p>[vc_row css=&#8220;.vc_custom_1569502078273{padding-bottom: 40px !important;}&#8220;][vc_column][vc_column_text]Zwei typischen Farmh\u00e4usern werden als Bed &amp; Breakfast genutzt, die durch eine gro\u00dfe Veranda miteinander verbunden sind. Sie wurde unter besonderer Ber\u00fccksichtigung der R\u00fcckgewinnung von Originalmaterialien wie dem alten Terrakottaboden renoviert und mit M\u00f6beln aus den sp\u00e4ten 800er bis fr\u00fchen 900er Jahren ausgestattet. Sind anwesend neun Zimmern mit Meer- oder Gartenblick, jeweils [&hellip;]<\/p>\n","protected":false},"author":1,"featured_media":0,"parent":3375,"menu_order":1,"comment_status":"closed","ping_status":"closed","template":"","meta":[],"yoast_head":"<!-- This site is optimized with the Yoast SEO plugin v19.14 - https:\/\/yoast.com\/wordpress\/plugins\/seo\/ -->\n<title>Agriturismus B&amp;B Le Sughere del Montefico - Rio Marina, Insel Elba<\/title>\n<meta name=\"description\" content=\"Die Villa Le Sughere besteht aus zwei typischen Farmh\u00e4usern, die durch eine gro\u00dfe Veranda miteinander verbunden sind.\" \/>\n<meta name=\"robots\" content=\"index, follow, max-snippet:-1, max-image-preview:large, max-video-preview:-1\" \/>\n<link rel=\"canonical\" href=\"https:\/\/www.lesughere.it\/de\/agriturismus\/bed-and-breakfast\/\" \/>\n<meta property=\"og:locale\" content=\"de_DE\" \/>\n<meta property=\"og:type\" content=\"article\" \/>\n<meta property=\"og:title\" content=\"Agriturismus B&amp;B Le Sughere del Montefico - Rio Marina, Insel Elba\" \/>\n<meta property=\"og:description\" content=\"Die Villa Le Sughere besteht aus zwei typischen Farmh\u00e4usern, die durch eine gro\u00dfe Veranda miteinander verbunden sind.\" \/>\n<meta property=\"og:url\" content=\"https:\/\/www.lesughere.it\/de\/agriturismus\/bed-and-breakfast\/\" \/>\n<meta property=\"og:site_name\" content=\"Le Sughere del Montefico\" \/>\n<meta property=\"article:modified_time\" content=\"2023-12-12T16:38:47+00:00\" \/>\n<meta name=\"twitter:card\" content=\"summary_large_image\" \/>\n<meta name=\"twitter:label1\" content=\"Gesch\u00e4tzte Lesezeit\" \/>\n\t<meta name=\"twitter:data1\" content=\"2 Minuten\" \/>\n<script type=\"application\/ld+json\" class=\"yoast-schema-graph\">{\"@context\":\"https:\/\/schema.org\",\"@graph\":[{\"@type\":\"WebPage\",\"@id\":\"https:\/\/www.lesughere.it\/de\/agriturismus\/bed-and-breakfast\/\",\"url\":\"https:\/\/www.lesughere.it\/de\/agriturismus\/bed-and-breakfast\/\",\"name\":\"Agriturismus B&B Le Sughere del Montefico - Rio Marina, Insel Elba\",\"isPartOf\":{\"@id\":\"https:\/\/www.lesughere.it\/de\/#website\"},\"datePublished\":\"2019-09-13T10:22:48+00:00\",\"dateModified\":\"2023-12-12T16:38:47+00:00\",\"description\":\"Die Villa Le Sughere besteht aus zwei typischen Farmh\u00e4usern, die durch eine gro\u00dfe Veranda miteinander verbunden sind.\",\"breadcrumb\":{\"@id\":\"https:\/\/www.lesughere.it\/de\/agriturismus\/bed-and-breakfast\/#breadcrumb\"},\"inLanguage\":\"de-DE\",\"potentialAction\":[{\"@type\":\"ReadAction\",\"target\":[\"https:\/\/www.lesughere.it\/de\/agriturismus\/bed-and-breakfast\/\"]}]},{\"@type\":\"BreadcrumbList\",\"@id\":\"https:\/\/www.lesughere.it\/de\/agriturismus\/bed-and-breakfast\/#breadcrumb\",\"itemListElement\":[{\"@type\":\"ListItem\",\"position\":1,\"name\":\"Home\",\"item\":\"https:\/\/www.lesughere.it\/de\/\"},{\"@type\":\"ListItem\",\"position\":2,\"name\":\"Agriturismus\",\"item\":\"https:\/\/www.lesughere.it\/de\/agriturismus\/\"},{\"@type\":\"ListItem\",\"position\":3,\"name\":\"Agriturismus B&#038;B\"}]},{\"@type\":\"WebSite\",\"@id\":\"https:\/\/www.lesughere.it\/de\/#website\",\"url\":\"https:\/\/www.lesughere.it\/de\/\",\"name\":\"Le Sughere del Montefico\",\"description\":\"Azienda Agricola a Rio Marina all&#039;Isola d&#039;Elba\",\"publisher\":{\"@id\":\"https:\/\/www.lesughere.it\/de\/#organization\"},\"potentialAction\":[{\"@type\":\"SearchAction\",\"target\":{\"@type\":\"EntryPoint\",\"urlTemplate\":\"https:\/\/www.lesughere.it\/de\/?s={search_term_string}\"},\"query-input\":\"required name=search_term_string\"}],\"inLanguage\":\"de-DE\"},{\"@type\":\"Organization\",\"@id\":\"https:\/\/www.lesughere.it\/de\/#organization\",\"name\":\"Azienda Agricola Le Sughere del Montefico\",\"url\":\"https:\/\/www.lesughere.it\/de\/\",\"logo\":{\"@type\":\"ImageObject\",\"inLanguage\":\"de-DE\",\"@id\":\"https:\/\/www.lesughere.it\/de\/#\/schema\/logo\/image\/\",\"url\":\"https:\/\/www.lesughere.it\/wp-content\/uploads\/le_sughere_gold.png\",\"contentUrl\":\"https:\/\/www.lesughere.it\/wp-content\/uploads\/le_sughere_gold.png\",\"width\":353,\"height\":300,\"caption\":\"Azienda Agricola Le Sughere del Montefico\"},\"image\":{\"@id\":\"https:\/\/www.lesughere.it\/de\/#\/schema\/logo\/image\/\"}}]}<\/script>\n<!-- \/ Yoast SEO plugin. -->","yoast_head_json":{"title":"Agriturismus B&B Le Sughere del Montefico - Rio Marina, Insel Elba","description":"Die Villa Le Sughere besteht aus zwei typischen Farmh\u00e4usern, die durch eine gro\u00dfe Veranda miteinander verbunden sind.","robots":{"index":"index","follow":"follow","max-snippet":"max-snippet:-1","max-image-preview":"max-image-preview:large","max-video-preview":"max-video-preview:-1"},"canonical":"https:\/\/www.lesughere.it\/de\/agriturismus\/bed-and-breakfast\/","og_locale":"de_DE","og_type":"article","og_title":"Agriturismus B&B Le Sughere del Montefico - Rio Marina, Insel Elba","og_description":"Die Villa Le Sughere besteht aus zwei typischen Farmh\u00e4usern, die durch eine gro\u00dfe Veranda miteinander verbunden sind.","og_url":"https:\/\/www.lesughere.it\/de\/agriturismus\/bed-and-breakfast\/","og_site_name":"Le Sughere del Montefico","article_modified_time":"2023-12-12T16:38:47+00:00","twitter_card":"summary_large_image","twitter_misc":{"Gesch\u00e4tzte Lesezeit":"2 Minuten"},"schema":{"@context":"https:\/\/schema.org","@graph":[{"@type":"WebPage","@id":"https:\/\/www.lesughere.it\/de\/agriturismus\/bed-and-breakfast\/","url":"https:\/\/www.lesughere.it\/de\/agriturismus\/bed-and-breakfast\/","name":"Agriturismus B&B Le Sughere del Montefico - Rio Marina, Insel Elba","isPartOf":{"@id":"https:\/\/www.lesughere.it\/de\/#website"},"datePublished":"2019-09-13T10:22:48+00:00","dateModified":"2023-12-12T16:38:47+00:00","description":"Die Villa Le Sughere besteht aus zwei typischen Farmh\u00e4usern, die durch eine gro\u00dfe Veranda miteinander verbunden sind.","breadcrumb":{"@id":"https:\/\/www.lesughere.it\/de\/agriturismus\/bed-and-breakfast\/#breadcrumb"},"inLanguage":"de-DE","potentialAction":[{"@type":"ReadAction","target":["https:\/\/www.lesughere.it\/de\/agriturismus\/bed-and-breakfast\/"]}]},{"@type":"BreadcrumbList","@id":"https:\/\/www.lesughere.it\/de\/agriturismus\/bed-and-breakfast\/#breadcrumb","itemListElement":[{"@type":"ListItem","position":1,"name":"Home","item":"https:\/\/www.lesughere.it\/de\/"},{"@type":"ListItem","position":2,"name":"Agriturismus","item":"https:\/\/www.lesughere.it\/de\/agriturismus\/"},{"@type":"ListItem","position":3,"name":"Agriturismus B&#038;B"}]},{"@type":"WebSite","@id":"https:\/\/www.lesughere.it\/de\/#website","url":"https:\/\/www.lesughere.it\/de\/","name":"Le Sughere del Montefico","description":"Azienda Agricola a Rio Marina all&#039;Isola d&#039;Elba","publisher":{"@id":"https:\/\/www.lesughere.it\/de\/#organization"},"potentialAction":[{"@type":"SearchAction","target":{"@type":"EntryPoint","urlTemplate":"https:\/\/www.lesughere.it\/de\/?s={search_term_string}"},"query-input":"required name=search_term_string"}],"inLanguage":"de-DE"},{"@type":"Organization","@id":"https:\/\/www.lesughere.it\/de\/#organization","name":"Azienda Agricola Le Sughere del Montefico","url":"https:\/\/www.lesughere.it\/de\/","logo":{"@type":"ImageObject","inLanguage":"de-DE","@id":"https:\/\/www.lesughere.it\/de\/#\/schema\/logo\/image\/","url":"https:\/\/www.lesughere.it\/wp-content\/uploads\/le_sughere_gold.png","contentUrl":"https:\/\/www.lesughere.it\/wp-content\/uploads\/le_sughere_gold.png","width":353,"height":300,"caption":"Azienda Agricola Le Sughere del Montefico"},"image":{"@id":"https:\/\/www.lesughere.it\/de\/#\/schema\/logo\/image\/"}}]}},"_links":{"self":[{"href":"https:\/\/www.lesughere.it\/de\/wp-json\/wp\/v2\/pages\/2929"}],"collection":[{"href":"https:\/\/www.lesughere.it\/de\/wp-json\/wp\/v2\/pages"}],"about":[{"href":"https:\/\/www.lesughere.it\/de\/wp-json\/wp\/v2\/types\/page"}],"author":[{"embeddable":true,"href":"https:\/\/www.lesughere.it\/de\/wp-json\/wp\/v2\/users\/1"}],"replies":[{"embeddable":true,"href":"https:\/\/www.lesughere.it\/de\/wp-json\/wp\/v2\/comments?post=2929"}],"version-history":[{"count":17,"href":"https:\/\/www.lesughere.it\/de\/wp-json\/wp\/v2\/pages\/2929\/revisions"}],"predecessor-version":[{"id":4368,"href":"https:\/\/www.lesughere.it\/de\/wp-json\/wp\/v2\/pages\/2929\/revisions\/4368"}],"up":[{"embeddable":true,"href":"https:\/\/www.lesughere.it\/de\/wp-json\/wp\/v2\/pages\/3375"}],"wp:attachment":[{"href":"https:\/\/www.lesughere.it\/de\/wp-json\/wp\/v2\/media?parent=2929"}],"curies":[{"name":"wp","href":"https:\/\/api.w.org\/{rel}","templated":true}]}}