{"id":2946,"date":"2019-09-13T16:32:57","date_gmt":"2019-09-13T14:32:57","guid":{"rendered":"https:\/\/www.lesughere.it\/agriturismus\/listino\/"},"modified":"2023-12-12T17:17:57","modified_gmt":"2023-12-12T16:17:57","slug":"preisliste","status":"publish","type":"page","link":"https:\/\/www.lesughere.it\/de\/agriturismus\/preisliste\/","title":{"rendered":"Preisliste"},"content":{"rendered":"<p>[vc_row css=&#8220;.vc_custom_1569575065358{padding-bottom: 40px !important;}&#8220;][vc_column text_align=&#8220;center&#8220;][vc_column_text]<\/p>\n<h3 style=\"text-align: center;\">ER\u00d6FFNUNG DER STRUKTUR 24\/05\/2024<\/h3>\n<p>[\/vc_column_text][vc_empty_space height=&#8220;50px&#8220;][vc_column_text]<\/p>\n<table class=\"listin\">\n<tbody>\n<tr>\n<td width=\"25%\"><u>ZIMMER<\/u><\/td>\n<td width=\"25%\">vom 24.05 bis 13.06<br \/>\nvom 9.09 bis 30.09<br \/>\n<span style=\"font-weight: normal;\">(min. 3 N\u00e4chte)<\/span><\/td>\n<td width=\"25%\">vom 14.06 bis 2.08<br \/>\nvom 2.09 bis 8.09<br \/>\n<span style=\"font-weight: normal;\">(min. 4 N\u00e4chte)<\/span><\/td>\n<td width=\"25%\">vom 3.08 bis 1.09<br \/>\n<span style=\"font-weight: normal;\">(min. 7 N\u00e4chte)<\/span><\/td>\n<\/tr>\n<tr>\n<td>Standard-Doppelzimmer<br \/>\n(n\u00b0 1, 4, 5, 6, 7)<\/td>\n<td>105 \u20ac<\/td>\n<td>132 \u20ac<\/td>\n<td>155 \u20ac<\/td>\n<\/tr>\n<tr>\n<td>Kleines Doppelzimmer<br \/>\n(n\u00b0 8, 9)<\/td>\n<td>93 \u20ac<\/td>\n<td>120 \u20ac<\/td>\n<td>145 \u20ac<\/td>\n<\/tr>\n<tr>\n<td>Kleines Doppelzimmer<br \/>\nzur Einzelnutzung<\/td>\n<td>72 \u20ac<\/td>\n<td>100 \u20ac<\/td>\n<td>120 \u20ac<\/td>\n<\/tr>\n<tr>\n<td>Zimmer n\u00b0 8 und 9<br \/>\nmiteinander kommunizieren<\/td>\n<td>185 \u20ac<\/td>\n<td>240 \u20ac<\/td>\n<td>285 \u20ac<\/td>\n<\/tr>\n<tr>\n<td>Dreibettzimmer (n\u00b0 2) und Vierbettzimmer (n\u00b0 3)<br \/>\ndoppelte Verwendung<\/td>\n<td>115 \u20ac<\/td>\n<td>145 \u20ac<\/td>\n<td>165 \u20ac<\/td>\n<\/tr>\n<tr>\n<td>Pl\u00e4tze zus\u00e4tzlich<br \/>\nzu den Zimmern n\u00b0 2 und 3<\/td>\n<td>20 \u20ac<\/td>\n<td>25 \u20ac<\/td>\n<td>35 \u20ac<\/td>\n<\/tr>\n<\/tbody>\n<\/table>\n<p>[\/vc_column_text][vc_empty_space height=&#8220;20px&#8220;][vc_column_text]* Tagespreis inklusive Fr\u00fchst\u00fcck[\/vc_column_text][vc_empty_space height=&#8220;100px&#8220;][vc_column_text]<\/p>\n<table class=\"listin\">\n<tbody>\n<tr>\n<td width=\"33%\"><u>WOHNUNGEN<\/u><\/td>\n<td width=\"25%\">vom 24.05 bis 13.06<br \/>\nvom 9.09 bis 30.09<br \/>\n<span style=\"font-weight: normal;\">(min. 3 N\u00e4chte)<\/span><\/td>\n<td width=\"25%\">vom 14.06 bis 2.08<br \/>\nvom 2.09 bis 8.09<br \/>\n<span style=\"font-weight: normal;\">(min. 4 N\u00e4chte)<\/span><\/td>\n<td width=\"25%\">vom 3.08 bis 1.09<br \/>\n<span style=\"font-weight: normal;\">(min. 7 N\u00e4chte)<\/span><\/td>\n<\/tr>\n<tr>\n<td>F\u00fcr 2 Personen<\/td>\n<td>110 \u20ac<\/td>\n<td>150 \u20ac<\/td>\n<td>170 \u20ac<\/td>\n<\/tr>\n<tr>\n<td>Zus\u00e4tzlich platzieren<\/td>\n<td>20 \u20ac<\/td>\n<td>20 \u20ac<\/td>\n<td>30 \u20ac<\/td>\n<\/tr>\n<tr>\n<td>Fr\u00fchst\u00fcck pro Person<\/td>\n<td>15 \u20ac<\/td>\n<td>15 \u20ac<\/td>\n<td>15 \u20ac<\/td>\n<\/tr>\n<\/tbody>\n<\/table>\n<p>[\/vc_column_text][vc_empty_space height=&#8220;20px&#8220;][vc_column_text]* Tagespreis pro Wohnung[\/vc_column_text][vc_empty_space height=&#8220;70px&#8220;][cms_button button_text=&#8220;Fordern Sie ein pers\u00f6nliches Angebot an&#8220; link_button=&#8220;url:https%3A%2F%2Fwww.lesughere.it%2Fde%2Fagriturismus%2Fkontakte-und-anfragen%2F|||&#8220; icon_fontawesome=&#8220;fa fa-envelope&#8220; button_shape=&#8220;btn-rounded&#8220; button_color=&#8220;#ffffff&#8220; button_text_color=&#8220;#777474&#8243; button_border_color=&#8220;#e4b95b&#8220;][\/vc_column][\/vc_row][vc_row css=&#8220;.vc_custom_1569575065358{padding-bottom: 40px !important;}&#8220;][vc_column][vc_column_text]<\/p>\n<h4 style=\"margin-top: 50px;\">Bedingungen<\/h4>\n<p>CHECK-IN: ab 15:00 bis 18:00 Uhr<br \/>\nCHECK-OUT: bis 10:00 Uhr[\/vc_column_text][\/vc_column][\/vc_row]<\/p>\n","protected":false},"excerpt":{"rendered":"<p>[vc_row css=&#8220;.vc_custom_1569575065358{padding-bottom: 40px !important;}&#8220;][vc_column text_align=&#8220;center&#8220;][vc_column_text] ER\u00d6FFNUNG DER STRUKTUR 24\/05\/2024 [\/vc_column_text][vc_empty_space height=&#8220;50px&#8220;][vc_column_text] ZIMMER vom 24.05 bis 13.06 vom 9.09 bis 30.09 (min. 3 N\u00e4chte) vom 14.06 bis 2.08 vom 2.09 bis 8.09 (min. 4 N\u00e4chte) vom 3.08 bis 1.09 (min. 7 N\u00e4chte) Standard-Doppelzimmer (n\u00b0 1, 4, 5, 6, 7) 105 \u20ac 132 \u20ac 155 \u20ac Kleines [&hellip;]<\/p>\n","protected":false},"author":1,"featured_media":0,"parent":3375,"menu_order":3,"comment_status":"closed","ping_status":"closed","template":"","meta":[],"yoast_head":"<!-- This site is optimized with the Yoast SEO plugin v19.14 - https:\/\/yoast.com\/wordpress\/plugins\/seo\/ -->\n<title>Preisliste - Le Sughere del Montefico - Rio Marina, Insel Elba<\/title>\n<meta name=\"robots\" content=\"index, follow, max-snippet:-1, max-image-preview:large, max-video-preview:-1\" \/>\n<link rel=\"canonical\" href=\"https:\/\/www.lesughere.it\/de\/agriturismus\/preisliste\/\" \/>\n<meta property=\"og:locale\" content=\"de_DE\" \/>\n<meta property=\"og:type\" content=\"article\" \/>\n<meta property=\"og:title\" content=\"Preisliste - Le Sughere del Montefico - Rio Marina, Insel Elba\" \/>\n<meta property=\"og:description\" content=\"[vc_row css=&#8220;.vc_custom_1569575065358{padding-bottom: 40px !important;}&#8220;][vc_column text_align=&#8220;center&#8220;][vc_column_text] ER\u00d6FFNUNG DER STRUKTUR 24\/05\/2024 [\/vc_column_text][vc_empty_space height=&#8220;50px&#8220;][vc_column_text] ZIMMER vom 24.05 bis 13.06 vom 9.09 bis 30.09 (min. 3 N\u00e4chte) vom 14.06 bis 2.08 vom 2.09 bis 8.09 (min. 4 N\u00e4chte) vom 3.08 bis 1.09 (min. 7 N\u00e4chte) Standard-Doppelzimmer (n\u00b0 1, 4, 5, 6, 7) 105 \u20ac 132 \u20ac 155 \u20ac Kleines [&hellip;]\" \/>\n<meta property=\"og:url\" content=\"https:\/\/www.lesughere.it\/de\/agriturismus\/preisliste\/\" \/>\n<meta property=\"og:site_name\" content=\"Le Sughere del Montefico\" \/>\n<meta property=\"article:modified_time\" content=\"2023-12-12T16:17:57+00:00\" \/>\n<meta name=\"twitter:card\" content=\"summary_large_image\" \/>\n<meta name=\"twitter:label1\" content=\"Gesch\u00e4tzte Lesezeit\" \/>\n\t<meta name=\"twitter:data1\" content=\"2 Minuten\" \/>\n<script type=\"application\/ld+json\" class=\"yoast-schema-graph\">{\"@context\":\"https:\/\/schema.org\",\"@graph\":[{\"@type\":\"WebPage\",\"@id\":\"https:\/\/www.lesughere.it\/de\/agriturismus\/preisliste\/\",\"url\":\"https:\/\/www.lesughere.it\/de\/agriturismus\/preisliste\/\",\"name\":\"Preisliste - Le Sughere del Montefico - Rio Marina, Insel Elba\",\"isPartOf\":{\"@id\":\"https:\/\/www.lesughere.it\/de\/#website\"},\"datePublished\":\"2019-09-13T14:32:57+00:00\",\"dateModified\":\"2023-12-12T16:17:57+00:00\",\"breadcrumb\":{\"@id\":\"https:\/\/www.lesughere.it\/de\/agriturismus\/preisliste\/#breadcrumb\"},\"inLanguage\":\"de-DE\",\"potentialAction\":[{\"@type\":\"ReadAction\",\"target\":[\"https:\/\/www.lesughere.it\/de\/agriturismus\/preisliste\/\"]}]},{\"@type\":\"BreadcrumbList\",\"@id\":\"https:\/\/www.lesughere.it\/de\/agriturismus\/preisliste\/#breadcrumb\",\"itemListElement\":[{\"@type\":\"ListItem\",\"position\":1,\"name\":\"Home\",\"item\":\"https:\/\/www.lesughere.it\/de\/\"},{\"@type\":\"ListItem\",\"position\":2,\"name\":\"Agriturismus\",\"item\":\"https:\/\/www.lesughere.it\/de\/agriturismus\/\"},{\"@type\":\"ListItem\",\"position\":3,\"name\":\"Preisliste\"}]},{\"@type\":\"WebSite\",\"@id\":\"https:\/\/www.lesughere.it\/de\/#website\",\"url\":\"https:\/\/www.lesughere.it\/de\/\",\"name\":\"Le Sughere del Montefico\",\"description\":\"Azienda Agricola a Rio Marina all&#039;Isola d&#039;Elba\",\"publisher\":{\"@id\":\"https:\/\/www.lesughere.it\/de\/#organization\"},\"potentialAction\":[{\"@type\":\"SearchAction\",\"target\":{\"@type\":\"EntryPoint\",\"urlTemplate\":\"https:\/\/www.lesughere.it\/de\/?s={search_term_string}\"},\"query-input\":\"required name=search_term_string\"}],\"inLanguage\":\"de-DE\"},{\"@type\":\"Organization\",\"@id\":\"https:\/\/www.lesughere.it\/de\/#organization\",\"name\":\"Azienda Agricola Le Sughere del Montefico\",\"url\":\"https:\/\/www.lesughere.it\/de\/\",\"logo\":{\"@type\":\"ImageObject\",\"inLanguage\":\"de-DE\",\"@id\":\"https:\/\/www.lesughere.it\/de\/#\/schema\/logo\/image\/\",\"url\":\"https:\/\/www.lesughere.it\/wp-content\/uploads\/le_sughere_gold.png\",\"contentUrl\":\"https:\/\/www.lesughere.it\/wp-content\/uploads\/le_sughere_gold.png\",\"width\":353,\"height\":300,\"caption\":\"Azienda Agricola Le Sughere del Montefico\"},\"image\":{\"@id\":\"https:\/\/www.lesughere.it\/de\/#\/schema\/logo\/image\/\"}}]}<\/script>\n<!-- \/ Yoast SEO plugin. -->","yoast_head_json":{"title":"Preisliste - Le Sughere del Montefico - Rio Marina, Insel Elba","robots":{"index":"index","follow":"follow","max-snippet":"max-snippet:-1","max-image-preview":"max-image-preview:large","max-video-preview":"max-video-preview:-1"},"canonical":"https:\/\/www.lesughere.it\/de\/agriturismus\/preisliste\/","og_locale":"de_DE","og_type":"article","og_title":"Preisliste - Le Sughere del Montefico - Rio Marina, Insel Elba","og_description":"[vc_row css=&#8220;.vc_custom_1569575065358{padding-bottom: 40px !important;}&#8220;][vc_column text_align=&#8220;center&#8220;][vc_column_text] ER\u00d6FFNUNG DER STRUKTUR 24\/05\/2024 [\/vc_column_text][vc_empty_space height=&#8220;50px&#8220;][vc_column_text] ZIMMER vom 24.05 bis 13.06 vom 9.09 bis 30.09 (min. 3 N\u00e4chte) vom 14.06 bis 2.08 vom 2.09 bis 8.09 (min. 4 N\u00e4chte) vom 3.08 bis 1.09 (min. 7 N\u00e4chte) Standard-Doppelzimmer (n\u00b0 1, 4, 5, 6, 7) 105 \u20ac 132 \u20ac 155 \u20ac Kleines [&hellip;]","og_url":"https:\/\/www.lesughere.it\/de\/agriturismus\/preisliste\/","og_site_name":"Le Sughere del Montefico","article_modified_time":"2023-12-12T16:17:57+00:00","twitter_card":"summary_large_image","twitter_misc":{"Gesch\u00e4tzte Lesezeit":"2 Minuten"},"schema":{"@context":"https:\/\/schema.org","@graph":[{"@type":"WebPage","@id":"https:\/\/www.lesughere.it\/de\/agriturismus\/preisliste\/","url":"https:\/\/www.lesughere.it\/de\/agriturismus\/preisliste\/","name":"Preisliste - Le Sughere del Montefico - Rio Marina, Insel Elba","isPartOf":{"@id":"https:\/\/www.lesughere.it\/de\/#website"},"datePublished":"2019-09-13T14:32:57+00:00","dateModified":"2023-12-12T16:17:57+00:00","breadcrumb":{"@id":"https:\/\/www.lesughere.it\/de\/agriturismus\/preisliste\/#breadcrumb"},"inLanguage":"de-DE","potentialAction":[{"@type":"ReadAction","target":["https:\/\/www.lesughere.it\/de\/agriturismus\/preisliste\/"]}]},{"@type":"BreadcrumbList","@id":"https:\/\/www.lesughere.it\/de\/agriturismus\/preisliste\/#breadcrumb","itemListElement":[{"@type":"ListItem","position":1,"name":"Home","item":"https:\/\/www.lesughere.it\/de\/"},{"@type":"ListItem","position":2,"name":"Agriturismus","item":"https:\/\/www.lesughere.it\/de\/agriturismus\/"},{"@type":"ListItem","position":3,"name":"Preisliste"}]},{"@type":"WebSite","@id":"https:\/\/www.lesughere.it\/de\/#website","url":"https:\/\/www.lesughere.it\/de\/","name":"Le Sughere del Montefico","description":"Azienda Agricola a Rio Marina all&#039;Isola d&#039;Elba","publisher":{"@id":"https:\/\/www.lesughere.it\/de\/#organization"},"potentialAction":[{"@type":"SearchAction","target":{"@type":"EntryPoint","urlTemplate":"https:\/\/www.lesughere.it\/de\/?s={search_term_string}"},"query-input":"required name=search_term_string"}],"inLanguage":"de-DE"},{"@type":"Organization","@id":"https:\/\/www.lesughere.it\/de\/#organization","name":"Azienda Agricola Le Sughere del Montefico","url":"https:\/\/www.lesughere.it\/de\/","logo":{"@type":"ImageObject","inLanguage":"de-DE","@id":"https:\/\/www.lesughere.it\/de\/#\/schema\/logo\/image\/","url":"https:\/\/www.lesughere.it\/wp-content\/uploads\/le_sughere_gold.png","contentUrl":"https:\/\/www.lesughere.it\/wp-content\/uploads\/le_sughere_gold.png","width":353,"height":300,"caption":"Azienda Agricola Le Sughere del Montefico"},"image":{"@id":"https:\/\/www.lesughere.it\/de\/#\/schema\/logo\/image\/"}}]}},"_links":{"self":[{"href":"https:\/\/www.lesughere.it\/de\/wp-json\/wp\/v2\/pages\/2946"}],"collection":[{"href":"https:\/\/www.lesughere.it\/de\/wp-json\/wp\/v2\/pages"}],"about":[{"href":"https:\/\/www.lesughere.it\/de\/wp-json\/wp\/v2\/types\/page"}],"author":[{"embeddable":true,"href":"https:\/\/www.lesughere.it\/de\/wp-json\/wp\/v2\/users\/1"}],"replies":[{"embeddable":true,"href":"https:\/\/www.lesughere.it\/de\/wp-json\/wp\/v2\/comments?post=2946"}],"version-history":[{"count":13,"href":"https:\/\/www.lesughere.it\/de\/wp-json\/wp\/v2\/pages\/2946\/revisions"}],"predecessor-version":[{"id":4360,"href":"https:\/\/www.lesughere.it\/de\/wp-json\/wp\/v2\/pages\/2946\/revisions\/4360"}],"up":[{"embeddable":true,"href":"https:\/\/www.lesughere.it\/de\/wp-json\/wp\/v2\/pages\/3375"}],"wp:attachment":[{"href":"https:\/\/www.lesughere.it\/de\/wp-json\/wp\/v2\/media?parent=2946"}],"curies":[{"name":"wp","href":"https:\/\/api.w.org\/{rel}","templated":true}]}}