{"id":2956,"date":"2019-09-13T16:33:20","date_gmt":"2019-09-13T14:33:20","guid":{"rendered":"https:\/\/www.lesughere.it\/agriturismus\/convenzioni\/"},"modified":"2023-12-12T17:41:26","modified_gmt":"2023-12-12T16:41:26","slug":"aktivitaeten-und-interessante-punkte","status":"publish","type":"page","link":"https:\/\/www.lesughere.it\/de\/agriturismus\/aktivitaeten-und-interessante-punkte\/","title":{"rendered":"Aktivit\u00e4ten und Interessante Punkte"},"content":{"rendered":"<p>[vc_row css=&#8220;.vc_custom_1572863900853{padding-bottom: 50px !important;}&#8220;][vc_column][vc_column_text]Unsere Struktur befindet sich in der Gemeinde Rio und grenzt an das Gebiet vom <a href=\"https:\/\/www.islepark.it\/\" target=\"_blank\" rel=\"noopener noreferrer\">Nationalpark des toskanischen Archipels<\/a>, das sich auf der Insel Elba \u00fcber 60% der Oberfl\u00e4che erstreckt und ein Schutzgebiet darstellt, welches ein enormes \u00f6kologisches Erbe sch\u00fctzt.<\/p>\n<p>Die Umgebung von <b>Rio Marina<\/b> bietet unz\u00e4hlige Attraktionen und Aktivit\u00e4ten.<\/p>\n<p>Das kleine und lebhafte Dorf mit Blick auf den alten Hafen mit dem antiken <b>Torre dei<\/b> <b>Principi Appiani, <\/b> ist voller Restaurants, in denen Sie die wahren und verschiedene Bars auch mit <b>Live-Musik <\/b>genie\u00dfen k\u00f6nnen.<\/p>\n<p><b>Rio Marina<\/b> ist ber\u00fchmt f\u00fcr seine alten Eisenminen, die gro\u00dfe Reicht\u00fcmer hervorbrachten, die <b>Napoleon Bonaparte<\/b> in der Vergangenheit genossen hat. Es gibt F\u00fchrungen durch den bekannten wunderbaren <b>Bergbaupark <\/b> zu Fuss oder mit Gel\u00e4ndewagen, der Teil der Strecke <b>Parco Minelba<\/b> ist, ausgehend vom Museum, welches eine Sammlung von wichtigen Mineralien von Elba zeigt. Entlang der malerischen <b>Panorama-Stra\u00dfe Volterraio,<\/b> die die Gemeinde <b>Rio<\/b> mit der <b>Portoferraio<\/b> verbindet, k\u00f6nnen Sie neben bekannten Wanderwegen, die sowohl zu Fu\u00df als auch mit dem Fahrrad zur\u00fcckgelegt werden m\u00fcssen, das bekannte <b>Castello del Volterraio<\/b> besuchen.<\/p>\n<p>Verpassen Sie auf keinen Fall den Besuch des <b>Orto dei Semplici Elbano<\/b> und der <b>Eremo di Santa Caterina,<\/b> in welcher Ausstellungen von K\u00fcnstlern aus aller Welt und Konzerte stattfinden. Nicht weit entfernt befindet sich das antike und gut restaurierte <b>\u00f6ffentliche Waschhaus<\/b> von Rio nell&#8217;Elba. Auch in Rio nell&#8217;Elba empfehlen wir einen Besuch des Mueseums <b>Civico Archeologico del Distretto Minerario.<\/b><\/p>\n<p>Im Laufe des Jahres wechseln sich verschiedene Veranstaltungen ab, darunter das bekannteste <b>Elba Book Festival<\/b>, die <b>Rally dell\u2019Elba<\/b> und im 2021 die<b> Mountain Bike Weltmeisterschaft<\/b>.<\/p>\n<p>In unmittelbarer N\u00e4he bietet die renommierte und einzigartige <b>&#8222;Costa che Brilla&#8220;<\/b> kostenlose oder ausgestattete Str\u00e4nde mit Blick auf ein kristallklares Meer.<\/p>\n<p>Die Mitarbeiter der Villa k\u00f6nnen Sie mit Strukturen in Kontakt bringen, die auf die Durchf\u00fchrung verschiedener Aktivit\u00e4ten spezialisiert sind: <b>Verleih von Schlauchbooten &#8211; Motor- und Segelboote &#8211; Tauchen &#8211; Schnorcheln &#8211; Fahrradverleih, E-Fahrr\u00e4der und Motorroller.<\/b>[\/vc_column_text][\/vc_column][\/vc_row]<\/p>\n","protected":false},"excerpt":{"rendered":"<p>[vc_row css=&#8220;.vc_custom_1572863900853{padding-bottom: 50px !important;}&#8220;][vc_column][vc_column_text]Unsere Struktur befindet sich in der Gemeinde Rio und grenzt an das Gebiet vom Nationalpark des toskanischen Archipels, das sich auf der Insel Elba \u00fcber 60% der Oberfl\u00e4che erstreckt und ein Schutzgebiet darstellt, welches ein enormes \u00f6kologisches Erbe sch\u00fctzt. Die Umgebung von Rio Marina bietet unz\u00e4hlige Attraktionen und Aktivit\u00e4ten. Das kleine und [&hellip;]<\/p>\n","protected":false},"author":1,"featured_media":0,"parent":3375,"menu_order":4,"comment_status":"closed","ping_status":"closed","template":"","meta":[],"yoast_head":"<!-- This site is optimized with the Yoast SEO plugin v19.14 - https:\/\/yoast.com\/wordpress\/plugins\/seo\/ -->\n<title>Aktivit\u00e4ten und Interessante Punkte - Le Sughere del Montefico - Rio Marina, Insel Elba<\/title>\n<meta name=\"description\" content=\"Den Hotelg\u00e4sten bieten wir eine Weindegustation im Weinkeller, um mehr \u00fcber die hervorragende Auswahl an Weinen zu erfahren.\" \/>\n<meta name=\"robots\" content=\"index, follow, max-snippet:-1, max-image-preview:large, max-video-preview:-1\" \/>\n<link rel=\"canonical\" href=\"https:\/\/www.lesughere.it\/de\/agriturismus\/aktivitaeten-und-interessante-punkte\/\" \/>\n<meta property=\"og:locale\" content=\"de_DE\" \/>\n<meta property=\"og:type\" content=\"article\" \/>\n<meta property=\"og:title\" content=\"Aktivit\u00e4ten und Interessante Punkte - Le Sughere del Montefico - Rio Marina, Insel Elba\" \/>\n<meta property=\"og:description\" content=\"Den Hotelg\u00e4sten bieten wir eine Weindegustation im Weinkeller, um mehr \u00fcber die hervorragende Auswahl an Weinen zu erfahren.\" \/>\n<meta property=\"og:url\" content=\"https:\/\/www.lesughere.it\/de\/agriturismus\/aktivitaeten-und-interessante-punkte\/\" \/>\n<meta property=\"og:site_name\" content=\"Le Sughere del Montefico\" \/>\n<meta property=\"article:modified_time\" content=\"2023-12-12T16:41:26+00:00\" \/>\n<meta name=\"twitter:card\" content=\"summary_large_image\" \/>\n<meta name=\"twitter:label1\" content=\"Gesch\u00e4tzte Lesezeit\" \/>\n\t<meta name=\"twitter:data1\" content=\"2 Minuten\" \/>\n<script type=\"application\/ld+json\" class=\"yoast-schema-graph\">{\"@context\":\"https:\/\/schema.org\",\"@graph\":[{\"@type\":\"WebPage\",\"@id\":\"https:\/\/www.lesughere.it\/de\/agriturismus\/aktivitaeten-und-interessante-punkte\/\",\"url\":\"https:\/\/www.lesughere.it\/de\/agriturismus\/aktivitaeten-und-interessante-punkte\/\",\"name\":\"Aktivit\u00e4ten und Interessante Punkte - Le Sughere del Montefico - Rio Marina, Insel Elba\",\"isPartOf\":{\"@id\":\"https:\/\/www.lesughere.it\/de\/#website\"},\"datePublished\":\"2019-09-13T14:33:20+00:00\",\"dateModified\":\"2023-12-12T16:41:26+00:00\",\"description\":\"Den Hotelg\u00e4sten bieten wir eine Weindegustation im Weinkeller, um mehr \u00fcber die hervorragende Auswahl an Weinen zu erfahren.\",\"breadcrumb\":{\"@id\":\"https:\/\/www.lesughere.it\/de\/agriturismus\/aktivitaeten-und-interessante-punkte\/#breadcrumb\"},\"inLanguage\":\"de-DE\",\"potentialAction\":[{\"@type\":\"ReadAction\",\"target\":[\"https:\/\/www.lesughere.it\/de\/agriturismus\/aktivitaeten-und-interessante-punkte\/\"]}]},{\"@type\":\"BreadcrumbList\",\"@id\":\"https:\/\/www.lesughere.it\/de\/agriturismus\/aktivitaeten-und-interessante-punkte\/#breadcrumb\",\"itemListElement\":[{\"@type\":\"ListItem\",\"position\":1,\"name\":\"Home\",\"item\":\"https:\/\/www.lesughere.it\/de\/\"},{\"@type\":\"ListItem\",\"position\":2,\"name\":\"Agriturismus\",\"item\":\"https:\/\/www.lesughere.it\/de\/agriturismus\/\"},{\"@type\":\"ListItem\",\"position\":3,\"name\":\"Aktivit\u00e4ten und Interessante Punkte\"}]},{\"@type\":\"WebSite\",\"@id\":\"https:\/\/www.lesughere.it\/de\/#website\",\"url\":\"https:\/\/www.lesughere.it\/de\/\",\"name\":\"Le Sughere del Montefico\",\"description\":\"Azienda Agricola a Rio Marina all&#039;Isola d&#039;Elba\",\"publisher\":{\"@id\":\"https:\/\/www.lesughere.it\/de\/#organization\"},\"potentialAction\":[{\"@type\":\"SearchAction\",\"target\":{\"@type\":\"EntryPoint\",\"urlTemplate\":\"https:\/\/www.lesughere.it\/de\/?s={search_term_string}\"},\"query-input\":\"required name=search_term_string\"}],\"inLanguage\":\"de-DE\"},{\"@type\":\"Organization\",\"@id\":\"https:\/\/www.lesughere.it\/de\/#organization\",\"name\":\"Azienda Agricola Le Sughere del Montefico\",\"url\":\"https:\/\/www.lesughere.it\/de\/\",\"logo\":{\"@type\":\"ImageObject\",\"inLanguage\":\"de-DE\",\"@id\":\"https:\/\/www.lesughere.it\/de\/#\/schema\/logo\/image\/\",\"url\":\"https:\/\/www.lesughere.it\/wp-content\/uploads\/le_sughere_gold.png\",\"contentUrl\":\"https:\/\/www.lesughere.it\/wp-content\/uploads\/le_sughere_gold.png\",\"width\":353,\"height\":300,\"caption\":\"Azienda Agricola Le Sughere del Montefico\"},\"image\":{\"@id\":\"https:\/\/www.lesughere.it\/de\/#\/schema\/logo\/image\/\"}}]}<\/script>\n<!-- \/ Yoast SEO plugin. -->","yoast_head_json":{"title":"Aktivit\u00e4ten und Interessante Punkte - Le Sughere del Montefico - Rio Marina, Insel Elba","description":"Den Hotelg\u00e4sten bieten wir eine Weindegustation im Weinkeller, um mehr \u00fcber die hervorragende Auswahl an Weinen zu erfahren.","robots":{"index":"index","follow":"follow","max-snippet":"max-snippet:-1","max-image-preview":"max-image-preview:large","max-video-preview":"max-video-preview:-1"},"canonical":"https:\/\/www.lesughere.it\/de\/agriturismus\/aktivitaeten-und-interessante-punkte\/","og_locale":"de_DE","og_type":"article","og_title":"Aktivit\u00e4ten und Interessante Punkte - Le Sughere del Montefico - Rio Marina, Insel Elba","og_description":"Den Hotelg\u00e4sten bieten wir eine Weindegustation im Weinkeller, um mehr \u00fcber die hervorragende Auswahl an Weinen zu erfahren.","og_url":"https:\/\/www.lesughere.it\/de\/agriturismus\/aktivitaeten-und-interessante-punkte\/","og_site_name":"Le Sughere del Montefico","article_modified_time":"2023-12-12T16:41:26+00:00","twitter_card":"summary_large_image","twitter_misc":{"Gesch\u00e4tzte Lesezeit":"2 Minuten"},"schema":{"@context":"https:\/\/schema.org","@graph":[{"@type":"WebPage","@id":"https:\/\/www.lesughere.it\/de\/agriturismus\/aktivitaeten-und-interessante-punkte\/","url":"https:\/\/www.lesughere.it\/de\/agriturismus\/aktivitaeten-und-interessante-punkte\/","name":"Aktivit\u00e4ten und Interessante Punkte - Le Sughere del Montefico - Rio Marina, Insel Elba","isPartOf":{"@id":"https:\/\/www.lesughere.it\/de\/#website"},"datePublished":"2019-09-13T14:33:20+00:00","dateModified":"2023-12-12T16:41:26+00:00","description":"Den Hotelg\u00e4sten bieten wir eine Weindegustation im Weinkeller, um mehr \u00fcber die hervorragende Auswahl an Weinen zu erfahren.","breadcrumb":{"@id":"https:\/\/www.lesughere.it\/de\/agriturismus\/aktivitaeten-und-interessante-punkte\/#breadcrumb"},"inLanguage":"de-DE","potentialAction":[{"@type":"ReadAction","target":["https:\/\/www.lesughere.it\/de\/agriturismus\/aktivitaeten-und-interessante-punkte\/"]}]},{"@type":"BreadcrumbList","@id":"https:\/\/www.lesughere.it\/de\/agriturismus\/aktivitaeten-und-interessante-punkte\/#breadcrumb","itemListElement":[{"@type":"ListItem","position":1,"name":"Home","item":"https:\/\/www.lesughere.it\/de\/"},{"@type":"ListItem","position":2,"name":"Agriturismus","item":"https:\/\/www.lesughere.it\/de\/agriturismus\/"},{"@type":"ListItem","position":3,"name":"Aktivit\u00e4ten und Interessante Punkte"}]},{"@type":"WebSite","@id":"https:\/\/www.lesughere.it\/de\/#website","url":"https:\/\/www.lesughere.it\/de\/","name":"Le Sughere del Montefico","description":"Azienda Agricola a Rio Marina all&#039;Isola d&#039;Elba","publisher":{"@id":"https:\/\/www.lesughere.it\/de\/#organization"},"potentialAction":[{"@type":"SearchAction","target":{"@type":"EntryPoint","urlTemplate":"https:\/\/www.lesughere.it\/de\/?s={search_term_string}"},"query-input":"required name=search_term_string"}],"inLanguage":"de-DE"},{"@type":"Organization","@id":"https:\/\/www.lesughere.it\/de\/#organization","name":"Azienda Agricola Le Sughere del Montefico","url":"https:\/\/www.lesughere.it\/de\/","logo":{"@type":"ImageObject","inLanguage":"de-DE","@id":"https:\/\/www.lesughere.it\/de\/#\/schema\/logo\/image\/","url":"https:\/\/www.lesughere.it\/wp-content\/uploads\/le_sughere_gold.png","contentUrl":"https:\/\/www.lesughere.it\/wp-content\/uploads\/le_sughere_gold.png","width":353,"height":300,"caption":"Azienda Agricola Le Sughere del Montefico"},"image":{"@id":"https:\/\/www.lesughere.it\/de\/#\/schema\/logo\/image\/"}}]}},"_links":{"self":[{"href":"https:\/\/www.lesughere.it\/de\/wp-json\/wp\/v2\/pages\/2956"}],"collection":[{"href":"https:\/\/www.lesughere.it\/de\/wp-json\/wp\/v2\/pages"}],"about":[{"href":"https:\/\/www.lesughere.it\/de\/wp-json\/wp\/v2\/types\/page"}],"author":[{"embeddable":true,"href":"https:\/\/www.lesughere.it\/de\/wp-json\/wp\/v2\/users\/1"}],"replies":[{"embeddable":true,"href":"https:\/\/www.lesughere.it\/de\/wp-json\/wp\/v2\/comments?post=2956"}],"version-history":[{"count":8,"href":"https:\/\/www.lesughere.it\/de\/wp-json\/wp\/v2\/pages\/2956\/revisions"}],"predecessor-version":[{"id":4372,"href":"https:\/\/www.lesughere.it\/de\/wp-json\/wp\/v2\/pages\/2956\/revisions\/4372"}],"up":[{"embeddable":true,"href":"https:\/\/www.lesughere.it\/de\/wp-json\/wp\/v2\/pages\/3375"}],"wp:attachment":[{"href":"https:\/\/www.lesughere.it\/de\/wp-json\/wp\/v2\/media?parent=2956"}],"curies":[{"name":"wp","href":"https:\/\/api.w.org\/{rel}","templated":true}]}}