{"id":2966,"date":"2019-09-13T15:31:41","date_gmt":"2019-09-13T13:31:41","guid":{"rendered":"https:\/\/www.lesughere.it\/agriturismus\/contatti-e-richieste\/"},"modified":"2023-12-12T17:44:56","modified_gmt":"2023-12-12T16:44:56","slug":"kontakte-und-anfragen","status":"publish","type":"page","link":"https:\/\/www.lesughere.it\/de\/agriturismus\/kontakte-und-anfragen\/","title":{"rendered":"Kontakte und Anfragen"},"content":{"rendered":"<p>[vc_row css=&#8220;.vc_custom_1569833977906{padding-top: 30px !important;padding-bottom: 40px !important;}&#8220;][vc_column width=&#8220;1\/3&#8243;][cms_fancybox_single title_item=&#8220;Telefon&#8220; button_type=&#8220;text&#8220; button_link=&#8220;tel:+393453585035&#8243; button_text=&#8220;(+39) 345 35 85 035&#8243; cms_template=&#8220;cms_fancybox_single&#8211;layout5.php&#8220; image=&#8220;998&#8243;][\/vc_column][vc_column width=&#8220;1\/3&#8243;][cms_fancybox_single title_item=&#8220;Email&#8220; button_type=&#8220;text&#8220; button_link=&#8220;mailto:agriturismo@lesughere.it&#8220; button_text=&#8220;agriturismo@lesughere.it&#8220; cms_template=&#8220;cms_fancybox_single&#8211;layout5.php&#8220; image=&#8220;999&#8243;][\/vc_column][vc_column width=&#8220;1\/3&#8243;][cms_fancybox_single title_item=&#8220;Adresse&#8220; cms_template=&#8220;cms_fancybox_single&#8211;layout5.php&#8220; image=&#8220;997&#8243; description_item=&#8220;Loc. Le Perelle, Rio&#8220;][\/vc_column][\/vc_row][vc_row css=&#8220;.vc_custom_1569833977906{padding-top: 30px !important;padding-bottom: 40px !important;}&#8220;][vc_column css=&#8220;.vc_custom_1570028375033{padding-top: 50px !important;padding-right: 50px !important;padding-bottom: 50px !important;padding-left: 50px !important;background-color: #efefef !important;border-radius: 10px !important;}&#8220;]<div class=\"wpcf7 no-js\" id=\"wpcf7-f2963-o1\" lang=\"en-US\" dir=\"ltr\">\n<div class=\"screen-reader-response\"><p role=\"status\" aria-live=\"polite\" aria-atomic=\"true\"><\/p> <ul><\/ul><\/div>\n<form action=\"\/de\/wp-json\/wp\/v2\/pages\/2966#wpcf7-f2963-o1\" method=\"post\" class=\"wpcf7-form init\" aria-label=\"Contact form\" novalidate=\"novalidate\" data-status=\"init\">\n<div style=\"display: none;\">\n<input type=\"hidden\" name=\"_wpcf7\" value=\"2963\" \/>\n<input type=\"hidden\" name=\"_wpcf7_version\" value=\"5.7.2\" \/>\n<input type=\"hidden\" name=\"_wpcf7_locale\" value=\"en_US\" \/>\n<input type=\"hidden\" name=\"_wpcf7_unit_tag\" value=\"wpcf7-f2963-o1\" \/>\n<input type=\"hidden\" name=\"_wpcf7_container_post\" value=\"0\" \/>\n<input type=\"hidden\" name=\"_wpcf7_posted_data_hash\" value=\"\" \/>\n<input type=\"hidden\" name=\"_wpcf7_recaptcha_response\" value=\"\" \/>\n<\/div>\n<div class=\"form-div\">\n\t<p><span class=\"wpcf7-form-control-wrap\" data-name=\"nome\"><input size=\"40\" class=\"wpcf7-form-control wpcf7-text wpcf7-validates-as-required\" aria-required=\"true\" aria-invalid=\"false\" placeholder=\"Name *\" value=\"\" type=\"text\" name=\"nome\" \/><\/span>\n\t<\/p>\n<\/div>\n<div class=\"form-div\">\n\t<p><span class=\"wpcf7-form-control-wrap\" data-name=\"cognome\"><input size=\"40\" class=\"wpcf7-form-control wpcf7-text wpcf7-validates-as-required\" aria-required=\"true\" aria-invalid=\"false\" placeholder=\"Vorname *\" value=\"\" type=\"text\" name=\"cognome\" \/><\/span>\n\t<\/p>\n<\/div>\n<div class=\"form-div\">\n\t<p><span class=\"wpcf7-form-control-wrap\" data-name=\"mail\"><input size=\"40\" class=\"wpcf7-form-control wpcf7-text wpcf7-email wpcf7-validates-as-required wpcf7-validates-as-email\" aria-required=\"true\" aria-invalid=\"false\" placeholder=\"Email *\" value=\"\" type=\"email\" name=\"mail\" \/><\/span>\n\t<\/p>\n<\/div>\n<div class=\"form-div\">\n\t<p><span class=\"wpcf7-form-control-wrap\" data-name=\"telefono\"><input size=\"40\" class=\"wpcf7-form-control wpcf7-text\" aria-invalid=\"false\" placeholder=\"Telefon\" value=\"\" type=\"text\" name=\"telefono\" \/><\/span>\n\t<\/p>\n<\/div>\n<div class=\"form-div\">\n\t<p><span class=\"wpcf7-form-control-wrap arrivo\"><input class=\"wpcf7-form-control wpcf7-datepicker wpcf7-validates-as-required wpcf7-validates-as-date flatpickr-date\" aria-required=\"true\" aria-invalid=\"false\" placeholder=\"Ankunftsdatum *\" value=\"\" type=\"text\" name=\"arrivo\" \/><\/span>\n\t<\/p>\n<\/div>\n<div class=\"form-div\">\n\t<p><span class=\"wpcf7-form-control-wrap partenza\"><input class=\"wpcf7-form-control wpcf7-datepicker wpcf7-validates-as-required wpcf7-validates-as-date flatpickr-date\" aria-required=\"true\" aria-invalid=\"false\" placeholder=\"Abreisedatum *\" value=\"\" type=\"text\" name=\"partenza\" \/><\/span>\n\t<\/p>\n<\/div>\n<div class=\"form-div\">\n\t<p><span class=\"wpcf7-form-control-wrap\" data-name=\"adulti\"><input class=\"wpcf7-form-control wpcf7-number wpcf7-validates-as-required wpcf7-validates-as-number\" min=\"1\" max=\"8\" aria-required=\"true\" aria-invalid=\"false\" placeholder=\"Anzahl der Erwachsenen *\" value=\"\" type=\"number\" name=\"adulti\" \/><\/span>\n\t<\/p>\n<\/div>\n<div class=\"form-div\">\n\t<p><span class=\"wpcf7-form-control-wrap\" data-name=\"bambini\"><input class=\"wpcf7-form-control wpcf7-number wpcf7-validates-as-number\" min=\"0\" max=\"6\" aria-invalid=\"false\" placeholder=\"Anzahl der Kinder\" value=\"\" type=\"number\" name=\"bambini\" \/><\/span>\n\t<\/p>\n<\/div>\n<!--<div class=\"form-fulldiv\">\n<div style=\"margin-bottom:25px; width:100%; min-height: 50px; background-color:#FFF; border: 2px solid #f4f2ed; border-radius: 25px; padding: 10px 30px 6px 40px;\">Ich bin interessiert an: <span class=\"wpcf7-form-control-wrap\" data-name=\"interesse\"><span class=\"wpcf7-form-control wpcf7-checkbox\"><span class=\"wpcf7-list-item first\"><input type=\"checkbox\" name=\"interesse[]\" value=\"Villa Le Sughere\" tabindex=\"\" \/><span class=\"wpcf7-list-item-label\">Villa Le Sughere<\/span><\/span><span class=\"wpcf7-list-item last\"><input type=\"checkbox\" name=\"interesse[]\" value=\"Wohnung Le Petite Sughere\" tabindex=\"\" \/><span class=\"wpcf7-list-item-label\">Wohnung Le Petite Sughere<\/span><\/span><\/span><\/span><\/div>\n<\/div>-->\n<div class=\"form-fulldiv\">\n\t<p><span class=\"wpcf7-form-control-wrap\" data-name=\"messaggio\"><textarea cols=\"40\" rows=\"10\" class=\"wpcf7-form-control wpcf7-textarea\" aria-invalid=\"false\" placeholder=\"Schreibe deine Nachricht hier\" name=\"messaggio\"><\/textarea><\/span>\n\t<\/p>\n<\/div>\n<div class=\"form-fulldiv\">\n\t<p><br \/>\nWir informieren Sie dar\u00fcber, dass die von Ihnen angegebenen Daten in \u00dcbereinstimmung mit den Grunds\u00e4tzen der aktuellen Datenschutzgesetzgebung (EU-Verordnung Nr. 679 von 2016) elektronisch verarbeitet werden, um Ihnen die angeforderten Informationen zur Verf\u00fcgung zu stellen und m\u00f6glicherweise zu definieren \/ Best\u00e4tigen Sie die Buchung von Zimmern und anderen Dienstleistungen. Die vollst\u00e4ndigen Informationen zu den Methoden und Zwecken der durchgef\u00fchrten Behandlungen finden Sie auf der Seite Datenschutzbestimmungen. Sie k\u00f6nnen jedoch jederzeit jederzeit die L\u00f6schung Ihrer Daten beantragen. Wir erinnern Sie auch daran, dass Sie 16 Jahre alt sein m\u00fcssen, um der Verarbeitung personenbezogener Daten zuzustimmen.\n\t<\/p>\n<\/div>\n<div class=\"form-fulldiv\" style=\"margin:10px 0 20px 0;\">\n\t<p><span class=\"wpcf7-form-control-wrap\" data-name=\"privacy\"><span class=\"wpcf7-form-control wpcf7-acceptance\"><span class=\"wpcf7-list-item\"><input type=\"checkbox\" name=\"privacy\" value=\"1\" aria-invalid=\"false\" \/><\/span><\/span><\/span> Ich nehme die obigen Informationen zur Kenntnis.\n\t<\/p>\n<\/div>\n<div class=\"form-fulldiv\">\n\t<p><input class=\"wpcf7-form-control has-spinner wpcf7-submit\" type=\"submit\" value=\"Anfrage senden\" \/>\n\t<\/p>\n<\/div><div class=\"wpcf7-response-output\" aria-hidden=\"true\"><\/div><\/form><\/div>[\/vc_column][\/vc_row]<\/p>\n","protected":false},"excerpt":{"rendered":"<p>[vc_row css=&#8220;.vc_custom_1569833977906{padding-top: 30px !important;padding-bottom: 40px !important;}&#8220;][vc_column width=&#8220;1\/3&#8243;][cms_fancybox_single title_item=&#8220;Telefon&#8220; button_type=&#8220;text&#8220; button_link=&#8220;tel:+393453585035&#8243; button_text=&#8220;(+39) 345 35 85 035&#8243; cms_template=&#8220;cms_fancybox_single&#8211;layout5.php&#8220; image=&#8220;998&#8243;][\/vc_column][vc_column width=&#8220;1\/3&#8243;][cms_fancybox_single title_item=&#8220;Email&#8220; button_type=&#8220;text&#8220; button_link=&#8220;mailto:agriturismo@lesughere.it&#8220; button_text=&#8220;agriturismo@lesughere.it&#8220; cms_template=&#8220;cms_fancybox_single&#8211;layout5.php&#8220; image=&#8220;999&#8243;][\/vc_column][vc_column width=&#8220;1\/3&#8243;][cms_fancybox_single title_item=&#8220;Adresse&#8220; cms_template=&#8220;cms_fancybox_single&#8211;layout5.php&#8220; image=&#8220;997&#8243; description_item=&#8220;Loc. Le Perelle, Rio&#8220;][\/vc_column][\/vc_row][vc_row css=&#8220;.vc_custom_1569833977906{padding-top: 30px !important;padding-bottom: 40px !important;}&#8220;][vc_column css=&#8220;.vc_custom_1570028375033{padding-top: 50px !important;padding-right: 50px !important;padding-bottom: 50px !important;padding-left: 50px !important;background-color: #efefef !important;border-radius: 10px !important;}&#8220;][\/vc_column][\/vc_row]<\/p>\n","protected":false},"author":1,"featured_media":0,"parent":3375,"menu_order":5,"comment_status":"closed","ping_status":"closed","template":"","meta":[],"yoast_head":"<!-- This site is optimized with the Yoast SEO plugin v19.14 - https:\/\/yoast.com\/wordpress\/plugins\/seo\/ -->\n<title>Kontakte und Anfragen Agriturismo Le Sughere del Montefico - Rio Marina, Insel Elba<\/title>\n<meta name=\"description\" content=\"Senden Sie uns eine Anfrage, wir werden Ihnen so schnell wie m\u00f6glich ein individuelles Angebot unterbreiten. Alternativ k\u00f6nnen Sie uns unter unseren Kontaktdaten kontaktieren.\" \/>\n<meta name=\"robots\" content=\"index, follow, max-snippet:-1, max-image-preview:large, max-video-preview:-1\" \/>\n<link rel=\"canonical\" href=\"https:\/\/www.lesughere.it\/de\/agriturismus\/kontakte-und-anfragen\/\" \/>\n<meta property=\"og:locale\" content=\"de_DE\" \/>\n<meta property=\"og:type\" content=\"article\" \/>\n<meta property=\"og:title\" content=\"Kontakte und Anfragen Agriturismo Le Sughere del Montefico - Rio Marina, Insel Elba\" \/>\n<meta property=\"og:description\" content=\"Senden Sie uns eine Anfrage, wir werden Ihnen so schnell wie m\u00f6glich ein individuelles Angebot unterbreiten. Alternativ k\u00f6nnen Sie uns unter unseren Kontaktdaten kontaktieren.\" \/>\n<meta property=\"og:url\" content=\"https:\/\/www.lesughere.it\/de\/agriturismus\/kontakte-und-anfragen\/\" \/>\n<meta property=\"og:site_name\" content=\"Le Sughere del Montefico\" \/>\n<meta property=\"article:modified_time\" content=\"2023-12-12T16:44:56+00:00\" \/>\n<meta name=\"twitter:card\" content=\"summary_large_image\" \/>\n<meta name=\"twitter:label1\" content=\"Est. reading time\" \/>\n\t<meta name=\"twitter:data1\" content=\"1 Minute\" \/>\n<script type=\"application\/ld+json\" class=\"yoast-schema-graph\">{\"@context\":\"https:\/\/schema.org\",\"@graph\":[{\"@type\":\"WebPage\",\"@id\":\"https:\/\/www.lesughere.it\/de\/agriturismus\/kontakte-und-anfragen\/\",\"url\":\"https:\/\/www.lesughere.it\/de\/agriturismus\/kontakte-und-anfragen\/\",\"name\":\"Kontakte und Anfragen Agriturismo Le Sughere del Montefico - Rio Marina, Insel Elba\",\"isPartOf\":{\"@id\":\"https:\/\/www.lesughere.it\/de\/#website\"},\"datePublished\":\"2019-09-13T13:31:41+00:00\",\"dateModified\":\"2023-12-12T16:44:56+00:00\",\"description\":\"Senden Sie uns eine Anfrage, wir werden Ihnen so schnell wie m\u00f6glich ein individuelles Angebot unterbreiten. Alternativ k\u00f6nnen Sie uns unter unseren Kontaktdaten kontaktieren.\",\"breadcrumb\":{\"@id\":\"https:\/\/www.lesughere.it\/de\/agriturismus\/kontakte-und-anfragen\/#breadcrumb\"},\"inLanguage\":\"de-DE\",\"potentialAction\":[{\"@type\":\"ReadAction\",\"target\":[\"https:\/\/www.lesughere.it\/de\/agriturismus\/kontakte-und-anfragen\/\"]}]},{\"@type\":\"BreadcrumbList\",\"@id\":\"https:\/\/www.lesughere.it\/de\/agriturismus\/kontakte-und-anfragen\/#breadcrumb\",\"itemListElement\":[{\"@type\":\"ListItem\",\"position\":1,\"name\":\"Home\",\"item\":\"https:\/\/www.lesughere.it\/de\/\"},{\"@type\":\"ListItem\",\"position\":2,\"name\":\"Agriturismus\",\"item\":\"https:\/\/www.lesughere.it\/de\/agriturismus\/\"},{\"@type\":\"ListItem\",\"position\":3,\"name\":\"Kontakte und Anfragen\"}]},{\"@type\":\"WebSite\",\"@id\":\"https:\/\/www.lesughere.it\/de\/#website\",\"url\":\"https:\/\/www.lesughere.it\/de\/\",\"name\":\"Le Sughere del Montefico\",\"description\":\"Azienda Agricola a Rio Marina all&#039;Isola d&#039;Elba\",\"publisher\":{\"@id\":\"https:\/\/www.lesughere.it\/de\/#organization\"},\"potentialAction\":[{\"@type\":\"SearchAction\",\"target\":{\"@type\":\"EntryPoint\",\"urlTemplate\":\"https:\/\/www.lesughere.it\/de\/?s={search_term_string}\"},\"query-input\":\"required name=search_term_string\"}],\"inLanguage\":\"de-DE\"},{\"@type\":\"Organization\",\"@id\":\"https:\/\/www.lesughere.it\/de\/#organization\",\"name\":\"Azienda Agricola Le Sughere del Montefico\",\"url\":\"https:\/\/www.lesughere.it\/de\/\",\"logo\":{\"@type\":\"ImageObject\",\"inLanguage\":\"de-DE\",\"@id\":\"https:\/\/www.lesughere.it\/de\/#\/schema\/logo\/image\/\",\"url\":\"https:\/\/www.lesughere.it\/wp-content\/uploads\/le_sughere_gold.png\",\"contentUrl\":\"https:\/\/www.lesughere.it\/wp-content\/uploads\/le_sughere_gold.png\",\"width\":353,\"height\":300,\"caption\":\"Azienda Agricola Le Sughere del Montefico\"},\"image\":{\"@id\":\"https:\/\/www.lesughere.it\/de\/#\/schema\/logo\/image\/\"}}]}<\/script>\n<!-- \/ Yoast SEO plugin. -->","yoast_head_json":{"title":"Kontakte und Anfragen Agriturismo Le Sughere del Montefico - Rio Marina, Insel Elba","description":"Senden Sie uns eine Anfrage, wir werden Ihnen so schnell wie m\u00f6glich ein individuelles Angebot unterbreiten. Alternativ k\u00f6nnen Sie uns unter unseren Kontaktdaten kontaktieren.","robots":{"index":"index","follow":"follow","max-snippet":"max-snippet:-1","max-image-preview":"max-image-preview:large","max-video-preview":"max-video-preview:-1"},"canonical":"https:\/\/www.lesughere.it\/de\/agriturismus\/kontakte-und-anfragen\/","og_locale":"de_DE","og_type":"article","og_title":"Kontakte und Anfragen Agriturismo Le Sughere del Montefico - Rio Marina, Insel Elba","og_description":"Senden Sie uns eine Anfrage, wir werden Ihnen so schnell wie m\u00f6glich ein individuelles Angebot unterbreiten. Alternativ k\u00f6nnen Sie uns unter unseren Kontaktdaten kontaktieren.","og_url":"https:\/\/www.lesughere.it\/de\/agriturismus\/kontakte-und-anfragen\/","og_site_name":"Le Sughere del Montefico","article_modified_time":"2023-12-12T16:44:56+00:00","twitter_card":"summary_large_image","twitter_misc":{"Est. reading time":"1 Minute"},"schema":{"@context":"https:\/\/schema.org","@graph":[{"@type":"WebPage","@id":"https:\/\/www.lesughere.it\/de\/agriturismus\/kontakte-und-anfragen\/","url":"https:\/\/www.lesughere.it\/de\/agriturismus\/kontakte-und-anfragen\/","name":"Kontakte und Anfragen Agriturismo Le Sughere del Montefico - Rio Marina, Insel Elba","isPartOf":{"@id":"https:\/\/www.lesughere.it\/de\/#website"},"datePublished":"2019-09-13T13:31:41+00:00","dateModified":"2023-12-12T16:44:56+00:00","description":"Senden Sie uns eine Anfrage, wir werden Ihnen so schnell wie m\u00f6glich ein individuelles Angebot unterbreiten. Alternativ k\u00f6nnen Sie uns unter unseren Kontaktdaten kontaktieren.","breadcrumb":{"@id":"https:\/\/www.lesughere.it\/de\/agriturismus\/kontakte-und-anfragen\/#breadcrumb"},"inLanguage":"de-DE","potentialAction":[{"@type":"ReadAction","target":["https:\/\/www.lesughere.it\/de\/agriturismus\/kontakte-und-anfragen\/"]}]},{"@type":"BreadcrumbList","@id":"https:\/\/www.lesughere.it\/de\/agriturismus\/kontakte-und-anfragen\/#breadcrumb","itemListElement":[{"@type":"ListItem","position":1,"name":"Home","item":"https:\/\/www.lesughere.it\/de\/"},{"@type":"ListItem","position":2,"name":"Agriturismus","item":"https:\/\/www.lesughere.it\/de\/agriturismus\/"},{"@type":"ListItem","position":3,"name":"Kontakte und Anfragen"}]},{"@type":"WebSite","@id":"https:\/\/www.lesughere.it\/de\/#website","url":"https:\/\/www.lesughere.it\/de\/","name":"Le Sughere del Montefico","description":"Azienda Agricola a Rio Marina all&#039;Isola d&#039;Elba","publisher":{"@id":"https:\/\/www.lesughere.it\/de\/#organization"},"potentialAction":[{"@type":"SearchAction","target":{"@type":"EntryPoint","urlTemplate":"https:\/\/www.lesughere.it\/de\/?s={search_term_string}"},"query-input":"required name=search_term_string"}],"inLanguage":"de-DE"},{"@type":"Organization","@id":"https:\/\/www.lesughere.it\/de\/#organization","name":"Azienda Agricola Le Sughere del Montefico","url":"https:\/\/www.lesughere.it\/de\/","logo":{"@type":"ImageObject","inLanguage":"de-DE","@id":"https:\/\/www.lesughere.it\/de\/#\/schema\/logo\/image\/","url":"https:\/\/www.lesughere.it\/wp-content\/uploads\/le_sughere_gold.png","contentUrl":"https:\/\/www.lesughere.it\/wp-content\/uploads\/le_sughere_gold.png","width":353,"height":300,"caption":"Azienda Agricola Le Sughere del Montefico"},"image":{"@id":"https:\/\/www.lesughere.it\/de\/#\/schema\/logo\/image\/"}}]}},"_links":{"self":[{"href":"https:\/\/www.lesughere.it\/de\/wp-json\/wp\/v2\/pages\/2966"}],"collection":[{"href":"https:\/\/www.lesughere.it\/de\/wp-json\/wp\/v2\/pages"}],"about":[{"href":"https:\/\/www.lesughere.it\/de\/wp-json\/wp\/v2\/types\/page"}],"author":[{"embeddable":true,"href":"https:\/\/www.lesughere.it\/de\/wp-json\/wp\/v2\/users\/1"}],"replies":[{"embeddable":true,"href":"https:\/\/www.lesughere.it\/de\/wp-json\/wp\/v2\/comments?post=2966"}],"version-history":[{"count":6,"href":"https:\/\/www.lesughere.it\/de\/wp-json\/wp\/v2\/pages\/2966\/revisions"}],"predecessor-version":[{"id":4378,"href":"https:\/\/www.lesughere.it\/de\/wp-json\/wp\/v2\/pages\/2966\/revisions\/4378"}],"up":[{"embeddable":true,"href":"https:\/\/www.lesughere.it\/de\/wp-json\/wp\/v2\/pages\/3375"}],"wp:attachment":[{"href":"https:\/\/www.lesughere.it\/de\/wp-json\/wp\/v2\/media?parent=2966"}],"curies":[{"name":"wp","href":"https:\/\/api.w.org\/{rel}","templated":true}]}}