{"id":2996,"date":"2019-10-03T14:01:47","date_gmt":"2019-10-03T12:01:47","guid":{"rendered":"https:\/\/www.lesughere.it\/agriturismus\/prenotazione-traghetto\/"},"modified":"2020-07-21T11:24:27","modified_gmt":"2020-07-21T09:24:27","slug":"faehrbuchung","status":"publish","type":"page","link":"https:\/\/www.lesughere.it\/de\/agriturismus\/faehrbuchung\/","title":{"rendered":"F\u00e4hrbuchung"},"content":{"rendered":"<p>[vc_row css=&#8220;.vc_custom_1569315891060{padding-bottom: 40px !important;}&#8220;][vc_column][vc_column_text]Elba ist mit der F\u00e4hre von Piombino Marittima aus erreichbar. Es gibt dort drei F\u00e4hrgesellschaften (Blu Navy, Moby &amp; Toremar und Corsica Ferries) die \u00fcber komfortable F\u00e4hrschiffe verf\u00fcgen und die die Insel mehrmals t\u00e4glich anfahren. In einer Stunde erreicht man die Insel Elba und seine H\u00e4fen von Portoferraio (der Haupthafen), Rio Marina und Cavo.[\/vc_column_text][vc_raw_html css=&#8220;.vc_custom_1570717259234{margin-bottom: 50px !important;}&#8220;]JTNDc3R5bGUlM0UlMEEuZW50cnktY29udGVudCUyMGlmcmFtZSUyMCU3QiUwQSUyMCUyMCUyMCUyMG1heC13aWR0aCUzQSUyMDExNDBweCUyMCUyMWltcG9ydGFudCUzQiUwQSU3RCUwQSUzQyUyRnN0eWxlJTNF[\/vc_raw_html][vc_raw_html css=&#8220;.vc_custom_1570717125047{margin-bottom: 50px !important;}&#8220;]JTNDaWZyYW1lJTIwc3JjJTNEJTIyaHR0cHMlM0ElMkYlMkZibHVuYXZ5Lm5lZmVzeS5jb20lMkZiMmMlMkZiMmMucGhwJTIyJTIwc3R5bGUlM0QlMjJ3aWR0aCUzQTEwMCUyNSUzQiUyMG1heC13aWR0aCUzQTExNDBweCUyMCUyMWltcG9ydGFudCUzQiUyMG1pbi1oZWlnaHQlM0E1MDBweCUzQiUyMGJvcmRlciUzQTAlM0IlMjIlM0UlM0MlMkZpZnJhbWUlM0U=[\/vc_raw_html][vc_raw_html]JTNDZGl2JTIwc3R5bGUlM0QlMjJtYXJnaW4tbGVmdCUzQSUyMGF1dG8lM0IlMjBtYXJnaW4tcmlnaHQlM0ElMjBhdXRvJTNCJTIwbWF4LXdpZHRoJTNBJTIwMTE0MHB4JTIyJTNFJTBBJTA5JTNDaWZyYW1lJTIwaWQlM0QlMjJ0bGluZXMlMjIlMjBzcmMlM0QlMjJodHRwcyUzQSUyRiUyRnd3dy5vay1mZXJyeS5kZSUyRmRlJTJGZmFlaHJlbi1pbnNlbC1lbGJhLmFzcHglM0ZVQUlEJTNENTg3MjQ2JTI2Ymtjb2xvciUzREZGRkZGRiUyNnR4dGNvbG9yJTNEMkIyQjJCJTI2YmtidG5jb2xvciUzREYzQkY2MiUyNnR4dGJ0bmNvbG9yJTNEMTMxMTEyJTI2Ymt0aXRvbG8lM0QxMzExMTIlMjZ0eHR0aXRvbG8lM0RGRkZGRkYlMjZsYW5ndWFnZSUzRGRlJTI2aWZyYW1lX2Jvb2tpbmclM0R0cnVlJTI2djIlM0R0cnVlJTIyJTIwc3R5bGUlM0QlMjJib3JkZXIlM0EwcHglM0IlMjB3aWR0aCUzQSUyMDEwMCUyNSUzQiUyMiUyMGNsYXNzJTNEJTIydGxpbmVzX2ZyYW1lJTIyJTIwc2Nyb2xsaW5nJTNEJTIybm8lMjIlM0UlM0MlMkZpZnJhbWUlM0UlMEElMDklM0NwJTIwc3R5bGUlM0QlMjJmb250LXNpemUlM0ExMXB4JTNCJTIwbWFyZ2luJTNBJTIwYXV0byUzQiUyMGZvbnQtZmFtaWx5JTNBVmVyZGFuYSUzQndpZHRoJTNBJTIwMTAwJTI1JTNCY29sb3IlM0ElMjM2NjYlM0JtYXJnaW4tYm90dG9tJTNBJTIwMTJweCUzQnRleHQtYWxpZ24lM0ElMjBjZW50ZXIlM0IlMjIlM0VEaWVzZXIlMjBCdWNodW5nc3NlcnZpY2UlMjBpc3QlMjBFaWdlbnR1bSUyMGRlciUyMCUzQ2ElMjBocmVmJTNEJTIyaHR0cHMlM0ElMkYlMkZ3d3cub2stZmVycnkuZGUlMkZkZSUyRmZhZWhyZW4taW5zZWwtZWxiYS5hc3B4JTNGVUFJRCUzRDU4NzI0NiUyNmJrY29sb3IlM0RGRkZGRkYlMjZ0eHRjb2xvciUzRDJCMkIyQiUyNmJrYnRuY29sb3IlM0RGM0JGNjIlMjZ0eHRidG5jb2xvciUzRDEzMTExMiUyNmJrdGl0b2xvJTNEMTMxMTEyJTI2dHh0dGl0b2xvJTNERkZGRkZGJTIyJTIwdGFyZ2V0JTNEJTIyX2JsYW5rJTIyJTIwc3R5bGUlM0QlMjJjb2xvciUzQSUyMzY2NiUzQnRleHQtZGVjb3JhdGlvbiUzQW5vbmUlMjIlM0VPay1mZXJyeS5kZSUzQyUyRmElM0UlM0MlMkZwJTNFJTBBJTA5JTNDc2NyaXB0JTIwdHlwZSUzRCUyMnRleHQlMkZqYXZhc2NyaXB0JTIyJTIwc3JjJTNEJTIyaHR0cHMlM0ElMkYlMkZ3d3cudHJhZ2hldHRpbGluZXMuaXQlMkZBamF4JTJGdGxpbmVzX3Jlc3BfdjIuanMlMjIlM0UlM0MlMkZzY3JpcHQlM0UlMEElM0MlMkZkaXYlM0U=[\/vc_raw_html][\/vc_column][\/vc_row]<\/p>\n","protected":false},"excerpt":{"rendered":"<p>[vc_row css=&#8220;.vc_custom_1569315891060{padding-bottom: 40px !important;}&#8220;][vc_column][vc_column_text]Elba ist mit der F\u00e4hre von Piombino Marittima aus erreichbar. Es gibt dort drei F\u00e4hrgesellschaften (Blu Navy, Moby &amp; Toremar und Corsica Ferries) die \u00fcber komfortable F\u00e4hrschiffe verf\u00fcgen und die die Insel mehrmals t\u00e4glich anfahren. In einer Stunde erreicht man die Insel Elba und seine H\u00e4fen von Portoferraio (der Haupthafen), Rio Marina [&hellip;]<\/p>\n","protected":false},"author":1,"featured_media":0,"parent":3375,"menu_order":6,"comment_status":"closed","ping_status":"closed","template":"","meta":[],"yoast_head":"<!-- This site is optimized with the Yoast SEO plugin v19.14 - https:\/\/yoast.com\/wordpress\/plugins\/seo\/ -->\n<title>F\u00e4hrbuchung Insel Elba - Le Sughere del Montefico, Rio Maria<\/title>\n<meta name=\"description\" content=\"Elba ist mit der F\u00e4hre von Piombino Marittima aus erreichbar. In einer Stunde erreicht man die Elba und seine H\u00e4fen von Portoferraio, Rio Marina und Cavo.\" \/>\n<meta name=\"robots\" content=\"index, follow, max-snippet:-1, max-image-preview:large, max-video-preview:-1\" \/>\n<link rel=\"canonical\" href=\"https:\/\/www.lesughere.it\/de\/agriturismus\/faehrbuchung\/\" \/>\n<meta property=\"og:locale\" content=\"de_DE\" \/>\n<meta property=\"og:type\" content=\"article\" \/>\n<meta property=\"og:title\" content=\"F\u00e4hrbuchung Insel Elba - Le Sughere del Montefico, Rio Maria\" \/>\n<meta property=\"og:description\" content=\"Elba ist mit der F\u00e4hre von Piombino Marittima aus erreichbar. In einer Stunde erreicht man die Elba und seine H\u00e4fen von Portoferraio, Rio Marina und Cavo.\" \/>\n<meta property=\"og:url\" content=\"https:\/\/www.lesughere.it\/de\/agriturismus\/faehrbuchung\/\" \/>\n<meta property=\"og:site_name\" content=\"Le Sughere del Montefico\" \/>\n<meta property=\"article:modified_time\" content=\"2020-07-21T09:24:27+00:00\" \/>\n<meta name=\"twitter:card\" content=\"summary_large_image\" \/>\n<meta name=\"twitter:label1\" content=\"Gesch\u00e4tzte Lesezeit\" \/>\n\t<meta name=\"twitter:data1\" content=\"2 Minuten\" \/>\n<script type=\"application\/ld+json\" class=\"yoast-schema-graph\">{\"@context\":\"https:\/\/schema.org\",\"@graph\":[{\"@type\":\"WebPage\",\"@id\":\"https:\/\/www.lesughere.it\/de\/agriturismus\/faehrbuchung\/\",\"url\":\"https:\/\/www.lesughere.it\/de\/agriturismus\/faehrbuchung\/\",\"name\":\"F\u00e4hrbuchung Insel Elba - Le Sughere del Montefico, Rio Maria\",\"isPartOf\":{\"@id\":\"https:\/\/www.lesughere.it\/de\/#website\"},\"datePublished\":\"2019-10-03T12:01:47+00:00\",\"dateModified\":\"2020-07-21T09:24:27+00:00\",\"description\":\"Elba ist mit der F\u00e4hre von Piombino Marittima aus erreichbar. In einer Stunde erreicht man die Elba und seine H\u00e4fen von Portoferraio, Rio Marina und Cavo.\",\"breadcrumb\":{\"@id\":\"https:\/\/www.lesughere.it\/de\/agriturismus\/faehrbuchung\/#breadcrumb\"},\"inLanguage\":\"de-DE\",\"potentialAction\":[{\"@type\":\"ReadAction\",\"target\":[\"https:\/\/www.lesughere.it\/de\/agriturismus\/faehrbuchung\/\"]}]},{\"@type\":\"BreadcrumbList\",\"@id\":\"https:\/\/www.lesughere.it\/de\/agriturismus\/faehrbuchung\/#breadcrumb\",\"itemListElement\":[{\"@type\":\"ListItem\",\"position\":1,\"name\":\"Home\",\"item\":\"https:\/\/www.lesughere.it\/de\/\"},{\"@type\":\"ListItem\",\"position\":2,\"name\":\"Agriturismus\",\"item\":\"https:\/\/www.lesughere.it\/de\/agriturismus\/\"},{\"@type\":\"ListItem\",\"position\":3,\"name\":\"F\u00e4hrbuchung\"}]},{\"@type\":\"WebSite\",\"@id\":\"https:\/\/www.lesughere.it\/de\/#website\",\"url\":\"https:\/\/www.lesughere.it\/de\/\",\"name\":\"Le Sughere del Montefico\",\"description\":\"Azienda Agricola a Rio Marina all&#039;Isola d&#039;Elba\",\"publisher\":{\"@id\":\"https:\/\/www.lesughere.it\/de\/#organization\"},\"potentialAction\":[{\"@type\":\"SearchAction\",\"target\":{\"@type\":\"EntryPoint\",\"urlTemplate\":\"https:\/\/www.lesughere.it\/de\/?s={search_term_string}\"},\"query-input\":\"required name=search_term_string\"}],\"inLanguage\":\"de-DE\"},{\"@type\":\"Organization\",\"@id\":\"https:\/\/www.lesughere.it\/de\/#organization\",\"name\":\"Azienda Agricola Le Sughere del Montefico\",\"url\":\"https:\/\/www.lesughere.it\/de\/\",\"logo\":{\"@type\":\"ImageObject\",\"inLanguage\":\"de-DE\",\"@id\":\"https:\/\/www.lesughere.it\/de\/#\/schema\/logo\/image\/\",\"url\":\"https:\/\/www.lesughere.it\/wp-content\/uploads\/le_sughere_gold.png\",\"contentUrl\":\"https:\/\/www.lesughere.it\/wp-content\/uploads\/le_sughere_gold.png\",\"width\":353,\"height\":300,\"caption\":\"Azienda Agricola Le Sughere del Montefico\"},\"image\":{\"@id\":\"https:\/\/www.lesughere.it\/de\/#\/schema\/logo\/image\/\"}}]}<\/script>\n<!-- \/ Yoast SEO plugin. -->","yoast_head_json":{"title":"F\u00e4hrbuchung Insel Elba - Le Sughere del Montefico, Rio Maria","description":"Elba ist mit der F\u00e4hre von Piombino Marittima aus erreichbar. In einer Stunde erreicht man die Elba und seine H\u00e4fen von Portoferraio, Rio Marina und Cavo.","robots":{"index":"index","follow":"follow","max-snippet":"max-snippet:-1","max-image-preview":"max-image-preview:large","max-video-preview":"max-video-preview:-1"},"canonical":"https:\/\/www.lesughere.it\/de\/agriturismus\/faehrbuchung\/","og_locale":"de_DE","og_type":"article","og_title":"F\u00e4hrbuchung Insel Elba - Le Sughere del Montefico, Rio Maria","og_description":"Elba ist mit der F\u00e4hre von Piombino Marittima aus erreichbar. In einer Stunde erreicht man die Elba und seine H\u00e4fen von Portoferraio, Rio Marina und Cavo.","og_url":"https:\/\/www.lesughere.it\/de\/agriturismus\/faehrbuchung\/","og_site_name":"Le Sughere del Montefico","article_modified_time":"2020-07-21T09:24:27+00:00","twitter_card":"summary_large_image","twitter_misc":{"Gesch\u00e4tzte Lesezeit":"2 Minuten"},"schema":{"@context":"https:\/\/schema.org","@graph":[{"@type":"WebPage","@id":"https:\/\/www.lesughere.it\/de\/agriturismus\/faehrbuchung\/","url":"https:\/\/www.lesughere.it\/de\/agriturismus\/faehrbuchung\/","name":"F\u00e4hrbuchung Insel Elba - Le Sughere del Montefico, Rio Maria","isPartOf":{"@id":"https:\/\/www.lesughere.it\/de\/#website"},"datePublished":"2019-10-03T12:01:47+00:00","dateModified":"2020-07-21T09:24:27+00:00","description":"Elba ist mit der F\u00e4hre von Piombino Marittima aus erreichbar. In einer Stunde erreicht man die Elba und seine H\u00e4fen von Portoferraio, Rio Marina und Cavo.","breadcrumb":{"@id":"https:\/\/www.lesughere.it\/de\/agriturismus\/faehrbuchung\/#breadcrumb"},"inLanguage":"de-DE","potentialAction":[{"@type":"ReadAction","target":["https:\/\/www.lesughere.it\/de\/agriturismus\/faehrbuchung\/"]}]},{"@type":"BreadcrumbList","@id":"https:\/\/www.lesughere.it\/de\/agriturismus\/faehrbuchung\/#breadcrumb","itemListElement":[{"@type":"ListItem","position":1,"name":"Home","item":"https:\/\/www.lesughere.it\/de\/"},{"@type":"ListItem","position":2,"name":"Agriturismus","item":"https:\/\/www.lesughere.it\/de\/agriturismus\/"},{"@type":"ListItem","position":3,"name":"F\u00e4hrbuchung"}]},{"@type":"WebSite","@id":"https:\/\/www.lesughere.it\/de\/#website","url":"https:\/\/www.lesughere.it\/de\/","name":"Le Sughere del Montefico","description":"Azienda Agricola a Rio Marina all&#039;Isola d&#039;Elba","publisher":{"@id":"https:\/\/www.lesughere.it\/de\/#organization"},"potentialAction":[{"@type":"SearchAction","target":{"@type":"EntryPoint","urlTemplate":"https:\/\/www.lesughere.it\/de\/?s={search_term_string}"},"query-input":"required name=search_term_string"}],"inLanguage":"de-DE"},{"@type":"Organization","@id":"https:\/\/www.lesughere.it\/de\/#organization","name":"Azienda Agricola Le Sughere del Montefico","url":"https:\/\/www.lesughere.it\/de\/","logo":{"@type":"ImageObject","inLanguage":"de-DE","@id":"https:\/\/www.lesughere.it\/de\/#\/schema\/logo\/image\/","url":"https:\/\/www.lesughere.it\/wp-content\/uploads\/le_sughere_gold.png","contentUrl":"https:\/\/www.lesughere.it\/wp-content\/uploads\/le_sughere_gold.png","width":353,"height":300,"caption":"Azienda Agricola Le Sughere del Montefico"},"image":{"@id":"https:\/\/www.lesughere.it\/de\/#\/schema\/logo\/image\/"}}]}},"_links":{"self":[{"href":"https:\/\/www.lesughere.it\/de\/wp-json\/wp\/v2\/pages\/2996"}],"collection":[{"href":"https:\/\/www.lesughere.it\/de\/wp-json\/wp\/v2\/pages"}],"about":[{"href":"https:\/\/www.lesughere.it\/de\/wp-json\/wp\/v2\/types\/page"}],"author":[{"embeddable":true,"href":"https:\/\/www.lesughere.it\/de\/wp-json\/wp\/v2\/users\/1"}],"replies":[{"embeddable":true,"href":"https:\/\/www.lesughere.it\/de\/wp-json\/wp\/v2\/comments?post=2996"}],"version-history":[{"count":3,"href":"https:\/\/www.lesughere.it\/de\/wp-json\/wp\/v2\/pages\/2996\/revisions"}],"predecessor-version":[{"id":3320,"href":"https:\/\/www.lesughere.it\/de\/wp-json\/wp\/v2\/pages\/2996\/revisions\/3320"}],"up":[{"embeddable":true,"href":"https:\/\/www.lesughere.it\/de\/wp-json\/wp\/v2\/pages\/3375"}],"wp:attachment":[{"href":"https:\/\/www.lesughere.it\/de\/wp-json\/wp\/v2\/media?parent=2996"}],"curies":[{"name":"wp","href":"https:\/\/api.w.org\/{rel}","templated":true}]}}