{"id":3099,"date":"2019-09-19T17:17:09","date_gmt":"2019-09-19T15:17:09","guid":{"rendered":"https:\/\/www.lesughere.it\/wein-keller\/produktion\/weine\/elba-rosso-doc\/"},"modified":"2021-02-05T15:42:20","modified_gmt":"2021-02-05T14:42:20","slug":"elba-rosso-doc","status":"publish","type":"page","link":"https:\/\/www.lesughere.it\/de\/wein-keller\/produktion\/weine\/elba-rosso-doc\/","title":{"rendered":"Elba Rosso DOC"},"content":{"rendered":"<p>[vc_row css=&#8220;.vc_custom_1569337423824{padding-bottom: 40px !important;}&#8220;][vc_column width=&#8220;1\/4&#8243;][vc_single_image image=&#8220;2296&#8243; img_size=&#8220;126&#215;400&#8243; alignment=&#8220;center&#8220; onclick=&#8220;link_image&#8220;][\/vc_column][vc_column width=&#8220;3\/4&#8243;][vc_column_text]<\/p>\n<h3>Elba Rosso DOC<\/h3>\n<p><strong>Rebsorten: Sangiovese 100%<\/strong><\/p>\n<p>Rubinrote Farbe. Fruchtiger Weingeruch, trockener Geschmack, vollmundig. Alterung von zwei Jahren in Holz. Das Essen passt zu den ersten G\u00e4ngen, die auf Fleisch oder Gem\u00fcse, Fischsuppen, ged\u00fcnstetem Stockfisch, ged\u00fcnstetem Fisch und gegrilltem Fleisch basieren.[\/vc_column_text][vc_empty_space][cms_button button_text=&#8220;Datenblatt&#8220; link_button=&#8220;url:https%3A%2F%2Fwww.lesughere.it%2Fwp-content%2Fuploads%2Fscheda_vini_elba_rosso.pdf||target:%20_blank|&#8220; icon_fontawesome=&#8220;fa fa-file-pdf-o&#8220;][\/vc_column][\/vc_row]<\/p>\n","protected":false},"excerpt":{"rendered":"<p>[vc_row css=&#8220;.vc_custom_1569337423824{padding-bottom: 40px !important;}&#8220;][vc_column width=&#8220;1\/4&#8243;][vc_single_image image=&#8220;2296&#8243; img_size=&#8220;126&#215;400&#8243; alignment=&#8220;center&#8220; onclick=&#8220;link_image&#8220;][\/vc_column][vc_column width=&#8220;3\/4&#8243;][vc_column_text] Elba Rosso DOC Rebsorten: Sangiovese 100% Rubinrote Farbe. Fruchtiger Weingeruch, trockener Geschmack, vollmundig. Alterung von zwei Jahren in Holz. Das Essen passt zu den ersten G\u00e4ngen, die auf Fleisch oder Gem\u00fcse, Fischsuppen, ged\u00fcnstetem Stockfisch, ged\u00fcnstetem Fisch und gegrilltem Fleisch basieren.[\/vc_column_text][vc_empty_space][cms_button button_text=&#8220;Datenblatt&#8220; link_button=&#8220;url:https%3A%2F%2Fwww.lesughere.it%2Fwp-content%2Fuploads%2Fscheda_vini_elba_rosso.pdf||target:%20_blank|&#8220; icon_fontawesome=&#8220;fa fa-file-pdf-o&#8220;][\/vc_column][\/vc_row]<\/p>\n","protected":false},"author":1,"featured_media":2821,"parent":3091,"menu_order":1,"comment_status":"closed","ping_status":"closed","template":"","meta":[],"yoast_head":"<!-- This site is optimized with the Yoast SEO plugin v19.14 - https:\/\/yoast.com\/wordpress\/plugins\/seo\/ -->\n<title>Elba Rosso DOC - Le Sughere del Montefico - Rio Marina, Insel Elba<\/title>\n<meta name=\"description\" content=\"Rebsorten: Sangiovese 100%. Rubinrote Farbe. Fruchtiger Weingeruch, trockener Geschmack, vollmundig. Alterung von zwei Jahren in Holz.\" \/>\n<meta name=\"robots\" content=\"index, follow, max-snippet:-1, max-image-preview:large, max-video-preview:-1\" \/>\n<link rel=\"canonical\" href=\"https:\/\/www.lesughere.it\/de\/wein-keller\/produktion\/weine\/elba-rosso-doc\/\" \/>\n<meta property=\"og:locale\" content=\"de_DE\" \/>\n<meta property=\"og:type\" content=\"article\" \/>\n<meta property=\"og:title\" content=\"Elba Rosso DOC - Le Sughere del Montefico - Rio Marina, Insel Elba\" \/>\n<meta property=\"og:description\" content=\"Rebsorten: Sangiovese 100%. Rubinrote Farbe. Fruchtiger Weingeruch, trockener Geschmack, vollmundig. Alterung von zwei Jahren in Holz.\" \/>\n<meta property=\"og:url\" content=\"https:\/\/www.lesughere.it\/de\/wein-keller\/produktion\/weine\/elba-rosso-doc\/\" \/>\n<meta property=\"og:site_name\" content=\"Le Sughere del Montefico\" \/>\n<meta property=\"article:modified_time\" content=\"2021-02-05T14:42:20+00:00\" \/>\n<meta property=\"og:image\" content=\"https:\/\/www.lesughere.it\/wp-content\/uploads\/vini_elba_rosso-1.png\" \/>\n\t<meta property=\"og:image:width\" content=\"87\" \/>\n\t<meta property=\"og:image:height\" content=\"350\" \/>\n\t<meta property=\"og:image:type\" content=\"image\/png\" \/>\n<meta name=\"twitter:card\" content=\"summary_large_image\" \/>\n<meta name=\"twitter:label1\" content=\"Gesch\u00e4tzte Lesezeit\" \/>\n\t<meta name=\"twitter:data1\" content=\"1 Minute\" \/>\n<script type=\"application\/ld+json\" class=\"yoast-schema-graph\">{\"@context\":\"https:\/\/schema.org\",\"@graph\":[{\"@type\":\"WebPage\",\"@id\":\"https:\/\/www.lesughere.it\/de\/wein-keller\/produktion\/weine\/elba-rosso-doc\/\",\"url\":\"https:\/\/www.lesughere.it\/de\/wein-keller\/produktion\/weine\/elba-rosso-doc\/\",\"name\":\"Elba Rosso DOC - Le Sughere del Montefico - Rio Marina, Insel Elba\",\"isPartOf\":{\"@id\":\"https:\/\/www.lesughere.it\/de\/#website\"},\"datePublished\":\"2019-09-19T15:17:09+00:00\",\"dateModified\":\"2021-02-05T14:42:20+00:00\",\"description\":\"Rebsorten: Sangiovese 100%. Rubinrote Farbe. Fruchtiger Weingeruch, trockener Geschmack, vollmundig. Alterung von zwei Jahren in Holz.\",\"breadcrumb\":{\"@id\":\"https:\/\/www.lesughere.it\/de\/wein-keller\/produktion\/weine\/elba-rosso-doc\/#breadcrumb\"},\"inLanguage\":\"de-DE\",\"potentialAction\":[{\"@type\":\"ReadAction\",\"target\":[\"https:\/\/www.lesughere.it\/de\/wein-keller\/produktion\/weine\/elba-rosso-doc\/\"]}]},{\"@type\":\"BreadcrumbList\",\"@id\":\"https:\/\/www.lesughere.it\/de\/wein-keller\/produktion\/weine\/elba-rosso-doc\/#breadcrumb\",\"itemListElement\":[{\"@type\":\"ListItem\",\"position\":1,\"name\":\"Home\",\"item\":\"https:\/\/www.lesughere.it\/de\/\"},{\"@type\":\"ListItem\",\"position\":2,\"name\":\"Wein Keller\",\"item\":\"https:\/\/www.lesughere.it\/de\/wein-keller\/\"},{\"@type\":\"ListItem\",\"position\":3,\"name\":\"Produktion\",\"item\":\"https:\/\/www.lesughere.it\/de\/wein-keller\/produktion\/\"},{\"@type\":\"ListItem\",\"position\":4,\"name\":\"Weine\",\"item\":\"https:\/\/www.lesughere.it\/de\/wein-keller\/produktion\/weine\/\"},{\"@type\":\"ListItem\",\"position\":5,\"name\":\"Elba Rosso DOC\"}]},{\"@type\":\"WebSite\",\"@id\":\"https:\/\/www.lesughere.it\/de\/#website\",\"url\":\"https:\/\/www.lesughere.it\/de\/\",\"name\":\"Le Sughere del Montefico\",\"description\":\"Azienda Agricola a Rio Marina all&#039;Isola d&#039;Elba\",\"publisher\":{\"@id\":\"https:\/\/www.lesughere.it\/de\/#organization\"},\"potentialAction\":[{\"@type\":\"SearchAction\",\"target\":{\"@type\":\"EntryPoint\",\"urlTemplate\":\"https:\/\/www.lesughere.it\/de\/?s={search_term_string}\"},\"query-input\":\"required name=search_term_string\"}],\"inLanguage\":\"de-DE\"},{\"@type\":\"Organization\",\"@id\":\"https:\/\/www.lesughere.it\/de\/#organization\",\"name\":\"Azienda Agricola Le Sughere del Montefico\",\"url\":\"https:\/\/www.lesughere.it\/de\/\",\"logo\":{\"@type\":\"ImageObject\",\"inLanguage\":\"de-DE\",\"@id\":\"https:\/\/www.lesughere.it\/de\/#\/schema\/logo\/image\/\",\"url\":\"https:\/\/www.lesughere.it\/wp-content\/uploads\/le_sughere_gold.png\",\"contentUrl\":\"https:\/\/www.lesughere.it\/wp-content\/uploads\/le_sughere_gold.png\",\"width\":353,\"height\":300,\"caption\":\"Azienda Agricola Le Sughere del Montefico\"},\"image\":{\"@id\":\"https:\/\/www.lesughere.it\/de\/#\/schema\/logo\/image\/\"}}]}<\/script>\n<!-- \/ Yoast SEO plugin. -->","yoast_head_json":{"title":"Elba Rosso DOC - Le Sughere del Montefico - Rio Marina, Insel Elba","description":"Rebsorten: Sangiovese 100%. Rubinrote Farbe. Fruchtiger Weingeruch, trockener Geschmack, vollmundig. Alterung von zwei Jahren in Holz.","robots":{"index":"index","follow":"follow","max-snippet":"max-snippet:-1","max-image-preview":"max-image-preview:large","max-video-preview":"max-video-preview:-1"},"canonical":"https:\/\/www.lesughere.it\/de\/wein-keller\/produktion\/weine\/elba-rosso-doc\/","og_locale":"de_DE","og_type":"article","og_title":"Elba Rosso DOC - Le Sughere del Montefico - Rio Marina, Insel Elba","og_description":"Rebsorten: Sangiovese 100%. Rubinrote Farbe. Fruchtiger Weingeruch, trockener Geschmack, vollmundig. Alterung von zwei Jahren in Holz.","og_url":"https:\/\/www.lesughere.it\/de\/wein-keller\/produktion\/weine\/elba-rosso-doc\/","og_site_name":"Le Sughere del Montefico","article_modified_time":"2021-02-05T14:42:20+00:00","og_image":[{"width":87,"height":350,"url":"https:\/\/www.lesughere.it\/wp-content\/uploads\/vini_elba_rosso-1.png","type":"image\/png"}],"twitter_card":"summary_large_image","twitter_misc":{"Gesch\u00e4tzte Lesezeit":"1 Minute"},"schema":{"@context":"https:\/\/schema.org","@graph":[{"@type":"WebPage","@id":"https:\/\/www.lesughere.it\/de\/wein-keller\/produktion\/weine\/elba-rosso-doc\/","url":"https:\/\/www.lesughere.it\/de\/wein-keller\/produktion\/weine\/elba-rosso-doc\/","name":"Elba Rosso DOC - Le Sughere del Montefico - Rio Marina, Insel Elba","isPartOf":{"@id":"https:\/\/www.lesughere.it\/de\/#website"},"datePublished":"2019-09-19T15:17:09+00:00","dateModified":"2021-02-05T14:42:20+00:00","description":"Rebsorten: Sangiovese 100%. Rubinrote Farbe. Fruchtiger Weingeruch, trockener Geschmack, vollmundig. Alterung von zwei Jahren in Holz.","breadcrumb":{"@id":"https:\/\/www.lesughere.it\/de\/wein-keller\/produktion\/weine\/elba-rosso-doc\/#breadcrumb"},"inLanguage":"de-DE","potentialAction":[{"@type":"ReadAction","target":["https:\/\/www.lesughere.it\/de\/wein-keller\/produktion\/weine\/elba-rosso-doc\/"]}]},{"@type":"BreadcrumbList","@id":"https:\/\/www.lesughere.it\/de\/wein-keller\/produktion\/weine\/elba-rosso-doc\/#breadcrumb","itemListElement":[{"@type":"ListItem","position":1,"name":"Home","item":"https:\/\/www.lesughere.it\/de\/"},{"@type":"ListItem","position":2,"name":"Wein Keller","item":"https:\/\/www.lesughere.it\/de\/wein-keller\/"},{"@type":"ListItem","position":3,"name":"Produktion","item":"https:\/\/www.lesughere.it\/de\/wein-keller\/produktion\/"},{"@type":"ListItem","position":4,"name":"Weine","item":"https:\/\/www.lesughere.it\/de\/wein-keller\/produktion\/weine\/"},{"@type":"ListItem","position":5,"name":"Elba Rosso DOC"}]},{"@type":"WebSite","@id":"https:\/\/www.lesughere.it\/de\/#website","url":"https:\/\/www.lesughere.it\/de\/","name":"Le Sughere del Montefico","description":"Azienda Agricola a Rio Marina all&#039;Isola d&#039;Elba","publisher":{"@id":"https:\/\/www.lesughere.it\/de\/#organization"},"potentialAction":[{"@type":"SearchAction","target":{"@type":"EntryPoint","urlTemplate":"https:\/\/www.lesughere.it\/de\/?s={search_term_string}"},"query-input":"required name=search_term_string"}],"inLanguage":"de-DE"},{"@type":"Organization","@id":"https:\/\/www.lesughere.it\/de\/#organization","name":"Azienda Agricola Le Sughere del Montefico","url":"https:\/\/www.lesughere.it\/de\/","logo":{"@type":"ImageObject","inLanguage":"de-DE","@id":"https:\/\/www.lesughere.it\/de\/#\/schema\/logo\/image\/","url":"https:\/\/www.lesughere.it\/wp-content\/uploads\/le_sughere_gold.png","contentUrl":"https:\/\/www.lesughere.it\/wp-content\/uploads\/le_sughere_gold.png","width":353,"height":300,"caption":"Azienda Agricola Le Sughere del Montefico"},"image":{"@id":"https:\/\/www.lesughere.it\/de\/#\/schema\/logo\/image\/"}}]}},"_links":{"self":[{"href":"https:\/\/www.lesughere.it\/de\/wp-json\/wp\/v2\/pages\/3099"}],"collection":[{"href":"https:\/\/www.lesughere.it\/de\/wp-json\/wp\/v2\/pages"}],"about":[{"href":"https:\/\/www.lesughere.it\/de\/wp-json\/wp\/v2\/types\/page"}],"author":[{"embeddable":true,"href":"https:\/\/www.lesughere.it\/de\/wp-json\/wp\/v2\/users\/1"}],"replies":[{"embeddable":true,"href":"https:\/\/www.lesughere.it\/de\/wp-json\/wp\/v2\/comments?post=3099"}],"version-history":[{"count":4,"href":"https:\/\/www.lesughere.it\/de\/wp-json\/wp\/v2\/pages\/3099\/revisions"}],"predecessor-version":[{"id":3637,"href":"https:\/\/www.lesughere.it\/de\/wp-json\/wp\/v2\/pages\/3099\/revisions\/3637"}],"up":[{"embeddable":true,"href":"https:\/\/www.lesughere.it\/de\/wp-json\/wp\/v2\/pages\/3091"}],"wp:featuredmedia":[{"embeddable":true,"href":"https:\/\/www.lesughere.it\/de\/wp-json\/wp\/v2\/media\/2821"}],"wp:attachment":[{"href":"https:\/\/www.lesughere.it\/de\/wp-json\/wp\/v2\/media?parent=3099"}],"curies":[{"name":"wp","href":"https:\/\/api.w.org\/{rel}","templated":true}]}}