{"id":3157,"date":"2019-09-25T11:18:56","date_gmt":"2019-09-25T09:18:56","guid":{"rendered":"https:\/\/www.lesughere.it\/wein-keller\/produktion\/weine\/laurentius-vermentino-doc\/"},"modified":"2021-02-08T14:23:49","modified_gmt":"2021-02-08T13:23:49","slug":"laurentius-vermentino-doc","status":"publish","type":"page","link":"https:\/\/www.lesughere.it\/de\/wein-keller\/produktion\/weine\/laurentius-vermentino-doc\/","title":{"rendered":"Laurentius Vermentino dell&#8217;Elba DOC"},"content":{"rendered":"<p>[vc_row css=&#8220;.vc_custom_1569337423824{padding-bottom: 40px !important;}&#8220;][vc_column width=&#8220;1\/4&#8243;][vc_single_image image=&#8220;2288&#8243; img_size=&#8220;126&#215;400&#8243; alignment=&#8220;center&#8220; onclick=&#8220;link_image&#8220;][\/vc_column][vc_column width=&#8220;3\/4&#8243;][vc_column_text]<\/p>\n<h3>Laurentius Vermentino dell&#8217;Elba DOC<\/h3>\n<p><strong>Rebsorten: Vermentino 100%<\/strong><\/p>\n<p>Strohgelbe Farbe. Leicht fruchtiges Bouquet, s\u00fc\u00dfer Geschmack. Das Essen passt zu Fischstarter und ersten G\u00e4ngen, Schalentieren und gegrilltem oder ged\u00fcnstetem Fisch, Suppen und gegrilltem Gem\u00fcse.[\/vc_column_text][vc_empty_space][cms_button button_text=&#8220;Datenblatt&#8220; link_button=&#8220;url:https%3A%2F%2Fwww.lesughere.it%2Fwp-content%2Fuploads%2Fscheda_vini_laurentius_vermentino_dell_elba.pdf||target:%20_blank|&#8220; icon_fontawesome=&#8220;fa fa-file-pdf-o&#8220;][\/vc_column][\/vc_row]<\/p>\n","protected":false},"excerpt":{"rendered":"<p>[vc_row css=&#8220;.vc_custom_1569337423824{padding-bottom: 40px !important;}&#8220;][vc_column width=&#8220;1\/4&#8243;][vc_single_image image=&#8220;2288&#8243; img_size=&#8220;126&#215;400&#8243; alignment=&#8220;center&#8220; onclick=&#8220;link_image&#8220;][\/vc_column][vc_column width=&#8220;3\/4&#8243;][vc_column_text] Laurentius Vermentino dell&#8217;Elba DOC Rebsorten: Vermentino 100% Strohgelbe Farbe. Leicht fruchtiges Bouquet, s\u00fc\u00dfer Geschmack. Das Essen passt zu Fischstarter und ersten G\u00e4ngen, Schalentieren und gegrilltem oder ged\u00fcnstetem Fisch, Suppen und gegrilltem Gem\u00fcse.[\/vc_column_text][vc_empty_space][cms_button button_text=&#8220;Datenblatt&#8220; link_button=&#8220;url:https%3A%2F%2Fwww.lesughere.it%2Fwp-content%2Fuploads%2Fscheda_vini_laurentius_vermentino_dell_elba.pdf||target:%20_blank|&#8220; icon_fontawesome=&#8220;fa fa-file-pdf-o&#8220;][\/vc_column][\/vc_row]<\/p>\n","protected":false},"author":1,"featured_media":2817,"parent":3091,"menu_order":8,"comment_status":"closed","ping_status":"closed","template":"","meta":[],"yoast_head":"<!-- This site is optimized with the Yoast SEO plugin v19.14 - https:\/\/yoast.com\/wordpress\/plugins\/seo\/ -->\n<title>Laurentius Vermentino dell&#039;Elba DOC - Le Sughere del Montefico - Rio Marina, Insel Elba<\/title>\n<meta name=\"description\" content=\"Rebsorten: Vermentino 100%. Strohgelbe Farbe. Leicht fruchtiges Bouquet, s\u00fc\u00dfer Geschmack.\" \/>\n<meta name=\"robots\" content=\"index, follow, max-snippet:-1, max-image-preview:large, max-video-preview:-1\" \/>\n<link rel=\"canonical\" href=\"https:\/\/www.lesughere.it\/de\/wein-keller\/produktion\/weine\/laurentius-vermentino-doc\/\" \/>\n<meta property=\"og:locale\" content=\"de_DE\" \/>\n<meta property=\"og:type\" content=\"article\" \/>\n<meta property=\"og:title\" content=\"Laurentius Vermentino dell&#039;Elba DOC - Le Sughere del Montefico - Rio Marina, Insel Elba\" \/>\n<meta property=\"og:description\" content=\"Rebsorten: Vermentino 100%. Strohgelbe Farbe. Leicht fruchtiges Bouquet, s\u00fc\u00dfer Geschmack.\" \/>\n<meta property=\"og:url\" content=\"https:\/\/www.lesughere.it\/de\/wein-keller\/produktion\/weine\/laurentius-vermentino-doc\/\" \/>\n<meta property=\"og:site_name\" content=\"Le Sughere del Montefico\" \/>\n<meta property=\"article:modified_time\" content=\"2021-02-08T13:23:49+00:00\" \/>\n<meta property=\"og:image\" content=\"https:\/\/www.lesughere.it\/wp-content\/uploads\/vini_laurentius_vermentino.png\" \/>\n\t<meta property=\"og:image:width\" content=\"87\" \/>\n\t<meta property=\"og:image:height\" content=\"350\" \/>\n\t<meta property=\"og:image:type\" content=\"image\/png\" \/>\n<meta name=\"twitter:card\" content=\"summary_large_image\" \/>\n<meta name=\"twitter:label1\" content=\"Gesch\u00e4tzte Lesezeit\" \/>\n\t<meta name=\"twitter:data1\" content=\"1 Minute\" \/>\n<script type=\"application\/ld+json\" class=\"yoast-schema-graph\">{\"@context\":\"https:\/\/schema.org\",\"@graph\":[{\"@type\":\"WebPage\",\"@id\":\"https:\/\/www.lesughere.it\/de\/wein-keller\/produktion\/weine\/laurentius-vermentino-doc\/\",\"url\":\"https:\/\/www.lesughere.it\/de\/wein-keller\/produktion\/weine\/laurentius-vermentino-doc\/\",\"name\":\"Laurentius Vermentino dell'Elba DOC - Le Sughere del Montefico - Rio Marina, Insel Elba\",\"isPartOf\":{\"@id\":\"https:\/\/www.lesughere.it\/de\/#website\"},\"datePublished\":\"2019-09-25T09:18:56+00:00\",\"dateModified\":\"2021-02-08T13:23:49+00:00\",\"description\":\"Rebsorten: Vermentino 100%. Strohgelbe Farbe. Leicht fruchtiges Bouquet, s\u00fc\u00dfer Geschmack.\",\"breadcrumb\":{\"@id\":\"https:\/\/www.lesughere.it\/de\/wein-keller\/produktion\/weine\/laurentius-vermentino-doc\/#breadcrumb\"},\"inLanguage\":\"de-DE\",\"potentialAction\":[{\"@type\":\"ReadAction\",\"target\":[\"https:\/\/www.lesughere.it\/de\/wein-keller\/produktion\/weine\/laurentius-vermentino-doc\/\"]}]},{\"@type\":\"BreadcrumbList\",\"@id\":\"https:\/\/www.lesughere.it\/de\/wein-keller\/produktion\/weine\/laurentius-vermentino-doc\/#breadcrumb\",\"itemListElement\":[{\"@type\":\"ListItem\",\"position\":1,\"name\":\"Home\",\"item\":\"https:\/\/www.lesughere.it\/de\/\"},{\"@type\":\"ListItem\",\"position\":2,\"name\":\"Wein Keller\",\"item\":\"https:\/\/www.lesughere.it\/de\/wein-keller\/\"},{\"@type\":\"ListItem\",\"position\":3,\"name\":\"Produktion\",\"item\":\"https:\/\/www.lesughere.it\/de\/wein-keller\/produktion\/\"},{\"@type\":\"ListItem\",\"position\":4,\"name\":\"Weine\",\"item\":\"https:\/\/www.lesughere.it\/de\/wein-keller\/produktion\/weine\/\"},{\"@type\":\"ListItem\",\"position\":5,\"name\":\"Laurentius Vermentino dell&#8217;Elba DOC\"}]},{\"@type\":\"WebSite\",\"@id\":\"https:\/\/www.lesughere.it\/de\/#website\",\"url\":\"https:\/\/www.lesughere.it\/de\/\",\"name\":\"Le Sughere del Montefico\",\"description\":\"Azienda Agricola a Rio Marina all&#039;Isola d&#039;Elba\",\"publisher\":{\"@id\":\"https:\/\/www.lesughere.it\/de\/#organization\"},\"potentialAction\":[{\"@type\":\"SearchAction\",\"target\":{\"@type\":\"EntryPoint\",\"urlTemplate\":\"https:\/\/www.lesughere.it\/de\/?s={search_term_string}\"},\"query-input\":\"required name=search_term_string\"}],\"inLanguage\":\"de-DE\"},{\"@type\":\"Organization\",\"@id\":\"https:\/\/www.lesughere.it\/de\/#organization\",\"name\":\"Azienda Agricola Le Sughere del Montefico\",\"url\":\"https:\/\/www.lesughere.it\/de\/\",\"logo\":{\"@type\":\"ImageObject\",\"inLanguage\":\"de-DE\",\"@id\":\"https:\/\/www.lesughere.it\/de\/#\/schema\/logo\/image\/\",\"url\":\"https:\/\/www.lesughere.it\/wp-content\/uploads\/le_sughere_gold.png\",\"contentUrl\":\"https:\/\/www.lesughere.it\/wp-content\/uploads\/le_sughere_gold.png\",\"width\":353,\"height\":300,\"caption\":\"Azienda Agricola Le Sughere del Montefico\"},\"image\":{\"@id\":\"https:\/\/www.lesughere.it\/de\/#\/schema\/logo\/image\/\"}}]}<\/script>\n<!-- \/ Yoast SEO plugin. -->","yoast_head_json":{"title":"Laurentius Vermentino dell'Elba DOC - Le Sughere del Montefico - Rio Marina, Insel Elba","description":"Rebsorten: Vermentino 100%. Strohgelbe Farbe. Leicht fruchtiges Bouquet, s\u00fc\u00dfer Geschmack.","robots":{"index":"index","follow":"follow","max-snippet":"max-snippet:-1","max-image-preview":"max-image-preview:large","max-video-preview":"max-video-preview:-1"},"canonical":"https:\/\/www.lesughere.it\/de\/wein-keller\/produktion\/weine\/laurentius-vermentino-doc\/","og_locale":"de_DE","og_type":"article","og_title":"Laurentius Vermentino dell'Elba DOC - Le Sughere del Montefico - Rio Marina, Insel Elba","og_description":"Rebsorten: Vermentino 100%. Strohgelbe Farbe. Leicht fruchtiges Bouquet, s\u00fc\u00dfer Geschmack.","og_url":"https:\/\/www.lesughere.it\/de\/wein-keller\/produktion\/weine\/laurentius-vermentino-doc\/","og_site_name":"Le Sughere del Montefico","article_modified_time":"2021-02-08T13:23:49+00:00","og_image":[{"width":87,"height":350,"url":"https:\/\/www.lesughere.it\/wp-content\/uploads\/vini_laurentius_vermentino.png","type":"image\/png"}],"twitter_card":"summary_large_image","twitter_misc":{"Gesch\u00e4tzte Lesezeit":"1 Minute"},"schema":{"@context":"https:\/\/schema.org","@graph":[{"@type":"WebPage","@id":"https:\/\/www.lesughere.it\/de\/wein-keller\/produktion\/weine\/laurentius-vermentino-doc\/","url":"https:\/\/www.lesughere.it\/de\/wein-keller\/produktion\/weine\/laurentius-vermentino-doc\/","name":"Laurentius Vermentino dell'Elba DOC - Le Sughere del Montefico - Rio Marina, Insel Elba","isPartOf":{"@id":"https:\/\/www.lesughere.it\/de\/#website"},"datePublished":"2019-09-25T09:18:56+00:00","dateModified":"2021-02-08T13:23:49+00:00","description":"Rebsorten: Vermentino 100%. Strohgelbe Farbe. Leicht fruchtiges Bouquet, s\u00fc\u00dfer Geschmack.","breadcrumb":{"@id":"https:\/\/www.lesughere.it\/de\/wein-keller\/produktion\/weine\/laurentius-vermentino-doc\/#breadcrumb"},"inLanguage":"de-DE","potentialAction":[{"@type":"ReadAction","target":["https:\/\/www.lesughere.it\/de\/wein-keller\/produktion\/weine\/laurentius-vermentino-doc\/"]}]},{"@type":"BreadcrumbList","@id":"https:\/\/www.lesughere.it\/de\/wein-keller\/produktion\/weine\/laurentius-vermentino-doc\/#breadcrumb","itemListElement":[{"@type":"ListItem","position":1,"name":"Home","item":"https:\/\/www.lesughere.it\/de\/"},{"@type":"ListItem","position":2,"name":"Wein Keller","item":"https:\/\/www.lesughere.it\/de\/wein-keller\/"},{"@type":"ListItem","position":3,"name":"Produktion","item":"https:\/\/www.lesughere.it\/de\/wein-keller\/produktion\/"},{"@type":"ListItem","position":4,"name":"Weine","item":"https:\/\/www.lesughere.it\/de\/wein-keller\/produktion\/weine\/"},{"@type":"ListItem","position":5,"name":"Laurentius Vermentino dell&#8217;Elba DOC"}]},{"@type":"WebSite","@id":"https:\/\/www.lesughere.it\/de\/#website","url":"https:\/\/www.lesughere.it\/de\/","name":"Le Sughere del Montefico","description":"Azienda Agricola a Rio Marina all&#039;Isola d&#039;Elba","publisher":{"@id":"https:\/\/www.lesughere.it\/de\/#organization"},"potentialAction":[{"@type":"SearchAction","target":{"@type":"EntryPoint","urlTemplate":"https:\/\/www.lesughere.it\/de\/?s={search_term_string}"},"query-input":"required name=search_term_string"}],"inLanguage":"de-DE"},{"@type":"Organization","@id":"https:\/\/www.lesughere.it\/de\/#organization","name":"Azienda Agricola Le Sughere del Montefico","url":"https:\/\/www.lesughere.it\/de\/","logo":{"@type":"ImageObject","inLanguage":"de-DE","@id":"https:\/\/www.lesughere.it\/de\/#\/schema\/logo\/image\/","url":"https:\/\/www.lesughere.it\/wp-content\/uploads\/le_sughere_gold.png","contentUrl":"https:\/\/www.lesughere.it\/wp-content\/uploads\/le_sughere_gold.png","width":353,"height":300,"caption":"Azienda Agricola Le Sughere del Montefico"},"image":{"@id":"https:\/\/www.lesughere.it\/de\/#\/schema\/logo\/image\/"}}]}},"_links":{"self":[{"href":"https:\/\/www.lesughere.it\/de\/wp-json\/wp\/v2\/pages\/3157"}],"collection":[{"href":"https:\/\/www.lesughere.it\/de\/wp-json\/wp\/v2\/pages"}],"about":[{"href":"https:\/\/www.lesughere.it\/de\/wp-json\/wp\/v2\/types\/page"}],"author":[{"embeddable":true,"href":"https:\/\/www.lesughere.it\/de\/wp-json\/wp\/v2\/users\/1"}],"replies":[{"embeddable":true,"href":"https:\/\/www.lesughere.it\/de\/wp-json\/wp\/v2\/comments?post=3157"}],"version-history":[{"count":3,"href":"https:\/\/www.lesughere.it\/de\/wp-json\/wp\/v2\/pages\/3157\/revisions"}],"predecessor-version":[{"id":3655,"href":"https:\/\/www.lesughere.it\/de\/wp-json\/wp\/v2\/pages\/3157\/revisions\/3655"}],"up":[{"embeddable":true,"href":"https:\/\/www.lesughere.it\/de\/wp-json\/wp\/v2\/pages\/3091"}],"wp:featuredmedia":[{"embeddable":true,"href":"https:\/\/www.lesughere.it\/de\/wp-json\/wp\/v2\/media\/2817"}],"wp:attachment":[{"href":"https:\/\/www.lesughere.it\/de\/wp-json\/wp\/v2\/media?parent=3157"}],"curies":[{"name":"wp","href":"https:\/\/api.w.org\/{rel}","templated":true}]}}