{"id":3259,"date":"2019-10-02T17:00:09","date_gmt":"2019-10-02T15:00:09","guid":{"rendered":"https:\/\/www.lesughere.it\/wein-keller\/contatti\/"},"modified":"2022-05-06T10:23:18","modified_gmt":"2022-05-06T08:23:18","slug":"kontakte","status":"publish","type":"page","link":"https:\/\/www.lesughere.it\/de\/wein-keller\/kontakte\/","title":{"rendered":"Kontakte"},"content":{"rendered":"<p>[vc_row css=&#8220;.vc_custom_1570029876740{padding-top: 30px !important;padding-bottom: 40px !important;}&#8220;][vc_column width=&#8220;1\/5&#8243;][cms_fancybox_single title_item=&#8220;Telefon&#8220; button_type=&#8220;text&#8220; button_link=&#8220;tel:+393454282889&#8243; button_text=&#8220;(+39) 345 42 82 889&#8243; cms_template=&#8220;cms_fancybox_single&#8211;layout5.php&#8220; image=&#8220;998&#8243;][\/vc_column][vc_column width=&#8220;1\/5&#8243;][cms_fancybox_single title_item=&#8220;Email&#8220; button_type=&#8220;text&#8220; button_link=&#8220;mailto:cantina@lesughere.it&#8220; button_text=&#8220;cantina@lesughere.it&#8220; cms_template=&#8220;cms_fancybox_single&#8211;layout5.php&#8220; image=&#8220;999&#8243;][\/vc_column][vc_column width=&#8220;1\/5&#8243;][cms_fancybox_single title_item=&#8220;Fax&#8220; cms_template=&#8220;cms_fancybox_single&#8211;layout5.php&#8220; image=&#8220;2204&#8243; description_item=&#8220;(+39) 0565 1989009&#8243;][\/vc_column][vc_column width=&#8220;1\/5&#8243;][cms_fancybox_single title_item=&#8220;Adresse&#8220; cms_template=&#8220;cms_fancybox_single&#8211;layout5.php&#8220; image=&#8220;997&#8243; description_item=&#8220;Loc. Le Giudimente, Rio&#8220;][\/vc_column][vc_column width=&#8220;1\/5&#8243;][cms_fancybox_single title_item=&#8220;Facebook&#8220; button_type=&#8220;text&#8220; button_link=&#8220;https:\/\/www.facebook.com\/le.sughere.del.montefico&#8220; button_text=&#8220;le.sughere.del.montefico&#8220; cms_template=&#8220;cms_fancybox_single&#8211;layout5.php&#8220; image=&#8220;3450&#8243;][\/vc_column][\/vc_row][vc_row css=&#8220;.vc_custom_1569833977906{padding-top: 30px !important;padding-bottom: 40px !important;}&#8220;][vc_column css=&#8220;.vc_custom_1570028375033{padding-top: 50px !important;padding-right: 50px !important;padding-bottom: 50px !important;padding-left: 50px !important;background-color: #efefef !important;border-radius: 10px !important;}&#8220;]<div class=\"wpcf7 no-js\" id=\"wpcf7-f3256-o1\" lang=\"en-US\" dir=\"ltr\">\n<div class=\"screen-reader-response\"><p role=\"status\" aria-live=\"polite\" aria-atomic=\"true\"><\/p> <ul><\/ul><\/div>\n<form action=\"\/de\/wp-json\/wp\/v2\/pages\/3259#wpcf7-f3256-o1\" method=\"post\" class=\"wpcf7-form init\" aria-label=\"Contact form\" novalidate=\"novalidate\" data-status=\"init\">\n<div style=\"display: none;\">\n<input type=\"hidden\" name=\"_wpcf7\" value=\"3256\" \/>\n<input type=\"hidden\" name=\"_wpcf7_version\" value=\"5.7.2\" \/>\n<input type=\"hidden\" name=\"_wpcf7_locale\" value=\"en_US\" \/>\n<input type=\"hidden\" name=\"_wpcf7_unit_tag\" value=\"wpcf7-f3256-o1\" \/>\n<input type=\"hidden\" name=\"_wpcf7_container_post\" value=\"0\" \/>\n<input type=\"hidden\" name=\"_wpcf7_posted_data_hash\" value=\"\" \/>\n<input type=\"hidden\" name=\"_wpcf7_recaptcha_response\" value=\"\" \/>\n<\/div>\n<div class=\"form-div\">\n\t<p><span class=\"wpcf7-form-control-wrap\" data-name=\"nome\"><input size=\"40\" class=\"wpcf7-form-control wpcf7-text wpcf7-validates-as-required\" aria-required=\"true\" aria-invalid=\"false\" placeholder=\"Name *\" value=\"\" type=\"text\" name=\"nome\" \/><\/span>\n\t<\/p>\n<\/div>\n<div class=\"form-div\">\n\t<p><span class=\"wpcf7-form-control-wrap\" data-name=\"cognome\"><input size=\"40\" class=\"wpcf7-form-control wpcf7-text wpcf7-validates-as-required\" aria-required=\"true\" aria-invalid=\"false\" placeholder=\"Vorname *\" value=\"\" type=\"text\" name=\"cognome\" \/><\/span>\n\t<\/p>\n<\/div>\n<div class=\"form-div\">\n\t<p><span class=\"wpcf7-form-control-wrap\" data-name=\"mail\"><input size=\"40\" class=\"wpcf7-form-control wpcf7-text wpcf7-email wpcf7-validates-as-required wpcf7-validates-as-email\" aria-required=\"true\" aria-invalid=\"false\" placeholder=\"Email *\" value=\"\" type=\"email\" name=\"mail\" \/><\/span>\n\t<\/p>\n<\/div>\n<div class=\"form-div\">\n\t<p><span class=\"wpcf7-form-control-wrap\" data-name=\"telefono\"><input size=\"40\" class=\"wpcf7-form-control wpcf7-text\" aria-invalid=\"false\" placeholder=\"Telefon\" value=\"\" type=\"text\" name=\"telefono\" \/><\/span>\n\t<\/p>\n<\/div>\n<div class=\"form-fulldiv\">\n\t<p><span class=\"wpcf7-form-control-wrap\" data-name=\"messaggio\"><textarea cols=\"40\" rows=\"10\" class=\"wpcf7-form-control wpcf7-textarea\" aria-invalid=\"false\" placeholder=\"Schreibe deine Nachricht hier\" name=\"messaggio\"><\/textarea><\/span>\n\t<\/p>\n<\/div>\n<div class=\"form-fulldiv\">\n\t<p><br \/>\nWir informieren Sie dar\u00fcber, dass die von Ihnen angegebenen Daten in \u00dcbereinstimmung mit den Grunds\u00e4tzen der aktuellen Datenschutzgesetzgebung (EU-Verordnung Nr. 679 von 2016) elektronisch verarbeitet werden, um Ihnen die angeforderten Informationen zur Verf\u00fcgung zu stellen. Die vollst\u00e4ndigen Informationen zu den Methoden und Zwecken der durchgef\u00fchrten Behandlungen finden Sie auf der Seite Datenschutzbestimmungen. Sie k\u00f6nnen jedoch jederzeit jederzeit die L\u00f6schung Ihrer Daten beantragen. Wir erinnern Sie auch daran, dass Sie 16 Jahre alt sein m\u00fcssen, um der Verarbeitung personenbezogener Daten zuzustimmen.\n\t<\/p>\n<\/div>\n<div class=\"form-fulldiv\" style=\"margin:10px 0 20px 0;\">\n\t<p><span class=\"wpcf7-form-control-wrap\" data-name=\"privacy\"><span class=\"wpcf7-form-control wpcf7-acceptance\"><span class=\"wpcf7-list-item\"><input type=\"checkbox\" name=\"privacy\" value=\"1\" aria-invalid=\"false\" \/><\/span><\/span><\/span> Ich nehme die obigen Informationen zur Kenntnis.\n\t<\/p>\n<\/div>\n<div class=\"form-fulldiv\">\n\t<p><input class=\"wpcf7-form-control has-spinner wpcf7-submit\" type=\"submit\" value=\"Anfrage senden\" \/>\n\t<\/p>\n<\/div><div class=\"wpcf7-response-output\" aria-hidden=\"true\"><\/div><\/form><\/div>[\/vc_column][\/vc_row][vc_row css=&#8220;.vc_custom_1593782589614{margin-bottom: 40px !important;}&#8220;][vc_column][vc_column_text]<\/p>\n<blockquote class=\"wp-block-quote\" style=\"font-size: 16px;\">\n<p>Der Keller ist nur nach vorheriger Reservierung f\u00fcr den direkten Verkauf unserer Weine, Schaumweine und Rosinenweine ge\u00f6ffnet.<\/p>\n<\/blockquote>\n<p>[\/vc_column_text][\/vc_column][\/vc_row]<\/p>\n","protected":false},"excerpt":{"rendered":"<p>[vc_row css=&#8220;.vc_custom_1570029876740{padding-top: 30px !important;padding-bottom: 40px !important;}&#8220;][vc_column width=&#8220;1\/5&#8243;][cms_fancybox_single title_item=&#8220;Telefon&#8220; button_type=&#8220;text&#8220; button_link=&#8220;tel:+393454282889&#8243; button_text=&#8220;(+39) 345 42 82 889&#8243; cms_template=&#8220;cms_fancybox_single&#8211;layout5.php&#8220; image=&#8220;998&#8243;][\/vc_column][vc_column width=&#8220;1\/5&#8243;][cms_fancybox_single title_item=&#8220;Email&#8220; button_type=&#8220;text&#8220; button_link=&#8220;mailto:cantina@lesughere.it&#8220; button_text=&#8220;cantina@lesughere.it&#8220; cms_template=&#8220;cms_fancybox_single&#8211;layout5.php&#8220; image=&#8220;999&#8243;][\/vc_column][vc_column width=&#8220;1\/5&#8243;][cms_fancybox_single title_item=&#8220;Fax&#8220; cms_template=&#8220;cms_fancybox_single&#8211;layout5.php&#8220; image=&#8220;2204&#8243; description_item=&#8220;(+39) 0565 1989009&#8243;][\/vc_column][vc_column width=&#8220;1\/5&#8243;][cms_fancybox_single title_item=&#8220;Adresse&#8220; cms_template=&#8220;cms_fancybox_single&#8211;layout5.php&#8220; image=&#8220;997&#8243; description_item=&#8220;Loc. Le Giudimente, Rio&#8220;][\/vc_column][vc_column width=&#8220;1\/5&#8243;][cms_fancybox_single title_item=&#8220;Facebook&#8220; button_type=&#8220;text&#8220; button_link=&#8220;https:\/\/www.facebook.com\/le.sughere.del.montefico&#8220; button_text=&#8220;le.sughere.del.montefico&#8220; cms_template=&#8220;cms_fancybox_single&#8211;layout5.php&#8220; image=&#8220;3450&#8243;][\/vc_column][\/vc_row][vc_row css=&#8220;.vc_custom_1569833977906{padding-top: 30px !important;padding-bottom: 40px !important;}&#8220;][vc_column css=&#8220;.vc_custom_1570028375033{padding-top: 50px !important;padding-right: 50px [&hellip;]<\/p>\n","protected":false},"author":1,"featured_media":0,"parent":3005,"menu_order":3,"comment_status":"closed","ping_status":"closed","template":"","meta":[],"yoast_head":"<!-- This site is optimized with the Yoast SEO plugin v19.14 - https:\/\/yoast.com\/wordpress\/plugins\/seo\/ -->\n<title>Kontakte Cantina Le Sughere del Montefico - Rio Marina, Insel Elba<\/title>\n<meta name=\"robots\" content=\"index, follow, max-snippet:-1, max-image-preview:large, max-video-preview:-1\" \/>\n<link rel=\"canonical\" href=\"https:\/\/www.lesughere.it\/de\/wein-keller\/kontakte\/\" \/>\n<meta property=\"og:locale\" content=\"de_DE\" \/>\n<meta property=\"og:type\" content=\"article\" \/>\n<meta property=\"og:title\" content=\"Kontakte Cantina Le Sughere del Montefico - Rio Marina, Insel Elba\" \/>\n<meta property=\"og:description\" content=\"[vc_row css=&#8220;.vc_custom_1570029876740{padding-top: 30px !important;padding-bottom: 40px !important;}&#8220;][vc_column width=&#8220;1\/5&#8243;][cms_fancybox_single title_item=&#8220;Telefon&#8220; button_type=&#8220;text&#8220; button_link=&#8220;tel:+393454282889&#8243; button_text=&#8220;(+39) 345 42 82 889&#8243; cms_template=&#8220;cms_fancybox_single&#8211;layout5.php&#8220; image=&#8220;998&#8243;][\/vc_column][vc_column width=&#8220;1\/5&#8243;][cms_fancybox_single title_item=&#8220;Email&#8220; button_type=&#8220;text&#8220; button_link=&#8220;mailto:cantina@lesughere.it&#8220; button_text=&#8220;cantina@lesughere.it&#8220; cms_template=&#8220;cms_fancybox_single&#8211;layout5.php&#8220; image=&#8220;999&#8243;][\/vc_column][vc_column width=&#8220;1\/5&#8243;][cms_fancybox_single title_item=&#8220;Fax&#8220; cms_template=&#8220;cms_fancybox_single&#8211;layout5.php&#8220; image=&#8220;2204&#8243; description_item=&#8220;(+39) 0565 1989009&#8243;][\/vc_column][vc_column width=&#8220;1\/5&#8243;][cms_fancybox_single title_item=&#8220;Adresse&#8220; cms_template=&#8220;cms_fancybox_single&#8211;layout5.php&#8220; image=&#8220;997&#8243; description_item=&#8220;Loc. Le Giudimente, Rio&#8220;][\/vc_column][vc_column width=&#8220;1\/5&#8243;][cms_fancybox_single title_item=&#8220;Facebook&#8220; button_type=&#8220;text&#8220; button_link=&#8220;https:\/\/www.facebook.com\/le.sughere.del.montefico&#8220; button_text=&#8220;le.sughere.del.montefico&#8220; cms_template=&#8220;cms_fancybox_single&#8211;layout5.php&#8220; image=&#8220;3450&#8243;][\/vc_column][\/vc_row][vc_row css=&#8220;.vc_custom_1569833977906{padding-top: 30px !important;padding-bottom: 40px !important;}&#8220;][vc_column css=&#8220;.vc_custom_1570028375033{padding-top: 50px !important;padding-right: 50px [&hellip;]\" \/>\n<meta property=\"og:url\" content=\"https:\/\/www.lesughere.it\/de\/wein-keller\/kontakte\/\" \/>\n<meta property=\"og:site_name\" content=\"Le Sughere del Montefico\" \/>\n<meta property=\"article:modified_time\" content=\"2022-05-06T08:23:18+00:00\" \/>\n<meta name=\"twitter:card\" content=\"summary_large_image\" \/>\n<meta name=\"twitter:label1\" content=\"Est. reading time\" \/>\n\t<meta name=\"twitter:data1\" content=\"1 Minute\" \/>\n<script type=\"application\/ld+json\" class=\"yoast-schema-graph\">{\"@context\":\"https:\/\/schema.org\",\"@graph\":[{\"@type\":\"WebPage\",\"@id\":\"https:\/\/www.lesughere.it\/de\/wein-keller\/kontakte\/\",\"url\":\"https:\/\/www.lesughere.it\/de\/wein-keller\/kontakte\/\",\"name\":\"Kontakte Cantina Le Sughere del Montefico - Rio Marina, Insel Elba\",\"isPartOf\":{\"@id\":\"https:\/\/www.lesughere.it\/de\/#website\"},\"datePublished\":\"2019-10-02T15:00:09+00:00\",\"dateModified\":\"2022-05-06T08:23:18+00:00\",\"breadcrumb\":{\"@id\":\"https:\/\/www.lesughere.it\/de\/wein-keller\/kontakte\/#breadcrumb\"},\"inLanguage\":\"de-DE\",\"potentialAction\":[{\"@type\":\"ReadAction\",\"target\":[\"https:\/\/www.lesughere.it\/de\/wein-keller\/kontakte\/\"]}]},{\"@type\":\"BreadcrumbList\",\"@id\":\"https:\/\/www.lesughere.it\/de\/wein-keller\/kontakte\/#breadcrumb\",\"itemListElement\":[{\"@type\":\"ListItem\",\"position\":1,\"name\":\"Home\",\"item\":\"https:\/\/www.lesughere.it\/de\/\"},{\"@type\":\"ListItem\",\"position\":2,\"name\":\"Wein Keller\",\"item\":\"https:\/\/www.lesughere.it\/de\/wein-keller\/\"},{\"@type\":\"ListItem\",\"position\":3,\"name\":\"Kontakte\"}]},{\"@type\":\"WebSite\",\"@id\":\"https:\/\/www.lesughere.it\/de\/#website\",\"url\":\"https:\/\/www.lesughere.it\/de\/\",\"name\":\"Le Sughere del Montefico\",\"description\":\"Azienda Agricola a Rio Marina all&#039;Isola d&#039;Elba\",\"publisher\":{\"@id\":\"https:\/\/www.lesughere.it\/de\/#organization\"},\"potentialAction\":[{\"@type\":\"SearchAction\",\"target\":{\"@type\":\"EntryPoint\",\"urlTemplate\":\"https:\/\/www.lesughere.it\/de\/?s={search_term_string}\"},\"query-input\":\"required name=search_term_string\"}],\"inLanguage\":\"de-DE\"},{\"@type\":\"Organization\",\"@id\":\"https:\/\/www.lesughere.it\/de\/#organization\",\"name\":\"Azienda Agricola Le Sughere del Montefico\",\"url\":\"https:\/\/www.lesughere.it\/de\/\",\"logo\":{\"@type\":\"ImageObject\",\"inLanguage\":\"de-DE\",\"@id\":\"https:\/\/www.lesughere.it\/de\/#\/schema\/logo\/image\/\",\"url\":\"https:\/\/www.lesughere.it\/wp-content\/uploads\/le_sughere_gold.png\",\"contentUrl\":\"https:\/\/www.lesughere.it\/wp-content\/uploads\/le_sughere_gold.png\",\"width\":353,\"height\":300,\"caption\":\"Azienda Agricola Le Sughere del Montefico\"},\"image\":{\"@id\":\"https:\/\/www.lesughere.it\/de\/#\/schema\/logo\/image\/\"}}]}<\/script>\n<!-- \/ Yoast SEO plugin. -->","yoast_head_json":{"title":"Kontakte Cantina Le Sughere del Montefico - Rio Marina, Insel Elba","robots":{"index":"index","follow":"follow","max-snippet":"max-snippet:-1","max-image-preview":"max-image-preview:large","max-video-preview":"max-video-preview:-1"},"canonical":"https:\/\/www.lesughere.it\/de\/wein-keller\/kontakte\/","og_locale":"de_DE","og_type":"article","og_title":"Kontakte Cantina Le Sughere del Montefico - Rio Marina, Insel Elba","og_description":"[vc_row css=&#8220;.vc_custom_1570029876740{padding-top: 30px !important;padding-bottom: 40px !important;}&#8220;][vc_column width=&#8220;1\/5&#8243;][cms_fancybox_single title_item=&#8220;Telefon&#8220; button_type=&#8220;text&#8220; button_link=&#8220;tel:+393454282889&#8243; button_text=&#8220;(+39) 345 42 82 889&#8243; cms_template=&#8220;cms_fancybox_single&#8211;layout5.php&#8220; image=&#8220;998&#8243;][\/vc_column][vc_column width=&#8220;1\/5&#8243;][cms_fancybox_single title_item=&#8220;Email&#8220; button_type=&#8220;text&#8220; button_link=&#8220;mailto:cantina@lesughere.it&#8220; button_text=&#8220;cantina@lesughere.it&#8220; cms_template=&#8220;cms_fancybox_single&#8211;layout5.php&#8220; image=&#8220;999&#8243;][\/vc_column][vc_column width=&#8220;1\/5&#8243;][cms_fancybox_single title_item=&#8220;Fax&#8220; cms_template=&#8220;cms_fancybox_single&#8211;layout5.php&#8220; image=&#8220;2204&#8243; description_item=&#8220;(+39) 0565 1989009&#8243;][\/vc_column][vc_column width=&#8220;1\/5&#8243;][cms_fancybox_single title_item=&#8220;Adresse&#8220; cms_template=&#8220;cms_fancybox_single&#8211;layout5.php&#8220; image=&#8220;997&#8243; description_item=&#8220;Loc. Le Giudimente, Rio&#8220;][\/vc_column][vc_column width=&#8220;1\/5&#8243;][cms_fancybox_single title_item=&#8220;Facebook&#8220; button_type=&#8220;text&#8220; button_link=&#8220;https:\/\/www.facebook.com\/le.sughere.del.montefico&#8220; button_text=&#8220;le.sughere.del.montefico&#8220; cms_template=&#8220;cms_fancybox_single&#8211;layout5.php&#8220; image=&#8220;3450&#8243;][\/vc_column][\/vc_row][vc_row css=&#8220;.vc_custom_1569833977906{padding-top: 30px !important;padding-bottom: 40px !important;}&#8220;][vc_column css=&#8220;.vc_custom_1570028375033{padding-top: 50px !important;padding-right: 50px [&hellip;]","og_url":"https:\/\/www.lesughere.it\/de\/wein-keller\/kontakte\/","og_site_name":"Le Sughere del Montefico","article_modified_time":"2022-05-06T08:23:18+00:00","twitter_card":"summary_large_image","twitter_misc":{"Est. reading time":"1 Minute"},"schema":{"@context":"https:\/\/schema.org","@graph":[{"@type":"WebPage","@id":"https:\/\/www.lesughere.it\/de\/wein-keller\/kontakte\/","url":"https:\/\/www.lesughere.it\/de\/wein-keller\/kontakte\/","name":"Kontakte Cantina Le Sughere del Montefico - Rio Marina, Insel Elba","isPartOf":{"@id":"https:\/\/www.lesughere.it\/de\/#website"},"datePublished":"2019-10-02T15:00:09+00:00","dateModified":"2022-05-06T08:23:18+00:00","breadcrumb":{"@id":"https:\/\/www.lesughere.it\/de\/wein-keller\/kontakte\/#breadcrumb"},"inLanguage":"de-DE","potentialAction":[{"@type":"ReadAction","target":["https:\/\/www.lesughere.it\/de\/wein-keller\/kontakte\/"]}]},{"@type":"BreadcrumbList","@id":"https:\/\/www.lesughere.it\/de\/wein-keller\/kontakte\/#breadcrumb","itemListElement":[{"@type":"ListItem","position":1,"name":"Home","item":"https:\/\/www.lesughere.it\/de\/"},{"@type":"ListItem","position":2,"name":"Wein Keller","item":"https:\/\/www.lesughere.it\/de\/wein-keller\/"},{"@type":"ListItem","position":3,"name":"Kontakte"}]},{"@type":"WebSite","@id":"https:\/\/www.lesughere.it\/de\/#website","url":"https:\/\/www.lesughere.it\/de\/","name":"Le Sughere del Montefico","description":"Azienda Agricola a Rio Marina all&#039;Isola d&#039;Elba","publisher":{"@id":"https:\/\/www.lesughere.it\/de\/#organization"},"potentialAction":[{"@type":"SearchAction","target":{"@type":"EntryPoint","urlTemplate":"https:\/\/www.lesughere.it\/de\/?s={search_term_string}"},"query-input":"required name=search_term_string"}],"inLanguage":"de-DE"},{"@type":"Organization","@id":"https:\/\/www.lesughere.it\/de\/#organization","name":"Azienda Agricola Le Sughere del Montefico","url":"https:\/\/www.lesughere.it\/de\/","logo":{"@type":"ImageObject","inLanguage":"de-DE","@id":"https:\/\/www.lesughere.it\/de\/#\/schema\/logo\/image\/","url":"https:\/\/www.lesughere.it\/wp-content\/uploads\/le_sughere_gold.png","contentUrl":"https:\/\/www.lesughere.it\/wp-content\/uploads\/le_sughere_gold.png","width":353,"height":300,"caption":"Azienda Agricola Le Sughere del Montefico"},"image":{"@id":"https:\/\/www.lesughere.it\/de\/#\/schema\/logo\/image\/"}}]}},"_links":{"self":[{"href":"https:\/\/www.lesughere.it\/de\/wp-json\/wp\/v2\/pages\/3259"}],"collection":[{"href":"https:\/\/www.lesughere.it\/de\/wp-json\/wp\/v2\/pages"}],"about":[{"href":"https:\/\/www.lesughere.it\/de\/wp-json\/wp\/v2\/types\/page"}],"author":[{"embeddable":true,"href":"https:\/\/www.lesughere.it\/de\/wp-json\/wp\/v2\/users\/1"}],"replies":[{"embeddable":true,"href":"https:\/\/www.lesughere.it\/de\/wp-json\/wp\/v2\/comments?post=3259"}],"version-history":[{"count":4,"href":"https:\/\/www.lesughere.it\/de\/wp-json\/wp\/v2\/pages\/3259\/revisions"}],"predecessor-version":[{"id":4185,"href":"https:\/\/www.lesughere.it\/de\/wp-json\/wp\/v2\/pages\/3259\/revisions\/4185"}],"up":[{"embeddable":true,"href":"https:\/\/www.lesughere.it\/de\/wp-json\/wp\/v2\/pages\/3005"}],"wp:attachment":[{"href":"https:\/\/www.lesughere.it\/de\/wp-json\/wp\/v2\/media?parent=3259"}],"curies":[{"name":"wp","href":"https:\/\/api.w.org\/{rel}","templated":true}]}}