{"id":3301,"date":"2019-09-13T17:37:26","date_gmt":"2019-09-13T15:37:26","guid":{"rendered":"https:\/\/www.lesughere.it\/wo-wir-sind\/rio\/"},"modified":"2020-07-21T10:42:57","modified_gmt":"2020-07-21T08:42:57","slug":"rio","status":"publish","type":"page","link":"https:\/\/www.lesughere.it\/de\/wo-wir-sind\/rio\/","title":{"rendered":"Rio"},"content":{"rendered":"<p>[vc_row css=&#8220;.vc_custom_1569826783640{padding-bottom: 40px !important;}&#8220;][vc_column][vc_column_text]\u201eRio Marina\u201c ist ein Dorf mit ca. 1400 Einwohnern und liegt auf der Ostseite Elbas, die schon immer durch ihre antiken Minen, die heute nicht mehr in Betrieb sind, gekennzeichnet wurde. Der Eisenabbau, der bis vor einigen Jahrzehnten in den Bergen betrieben wurde, hat lange Zeit das wirtschaftliche und soziale Leben des Dorfes bestimmt.<\/p>\n<p>Genauso hat es seine Spuren auf dem Territorium hinterlassen: Der Eisenstaub ist in den antiken H\u00e4usern, an den dadurch glitzernden Str\u00e4nden, und in den Anbaufeldern wiederzufinden.<\/p>\n<p>Aufgrund der vorhandenen Minen und dem damit verbundenen \u00f6ffentlich-rechtlichen Eigentum, das weite K\u00fcstenabschnitte des Gemeindeterritoriums umfa\u00dfte, ist diese Gegend weniger von dem Tourismus erschlossen, als andere Inselgebiete. Der Zugang zu den Str\u00e4nden ist unbeschr\u00e4nkt und wird nicht durch Badeanstalten behindert.<\/p>\n<p>Einige Str\u00e4nde zeichnen sich durch ihre au\u00dferordentliche Sch\u00f6nheit aus, wie etwa der des \u201ePorticciolo\u201c oder von \u201eCala delle Alghe\u201c bei Cavo; andere Str\u00e4nde dagegen sind durch ihre Besonderheit gekennzeichnet, wie der von \u201eFornacelle\u201c, der durch die im Boden enthaltenen Eisenpartikel einen charakteristischen schwarzen Sand besitzt.<\/p>\n<p>Au\u00dfer \u201eRio Marina\u201c, F\u00e4hrenanlaufhafen und Sitz eines wichtigen Segelzentrums (das \u201eCentro Velico Elbano\u201c), liegt im Ortsteil von \u201eCavo\u201c ein f\u00fcr Freizeitzwecke gut ausger\u00fcsteter Hafen mit einer ber\u00fchmten Segelschule namens \u201eUtopia\u201c. Wundersch\u00f6ne und naturalistisch interessante Trekking- und Bikeausfl\u00fcge k\u00f6nnen insbesondere auf den Pfaden des \u201eMonte Grosso\u201c und des \u201eMonte Giove\u201c unternommen werden. Ferner kann der Bergbaupark besichtigt werden, wo Ausfl\u00fcge in die einzigartigen Minen unter freiem Himmel und dem im Gemeindegeb\u00e4ude ans\u00e4ssigen Mineralogiemuseum gemacht werden k\u00f6nnen.<\/p>\n<p>Auch etruskische und r\u00f6mische Arch\u00e4ologiefunde befinden sich auf dem Gemeindegebiet: Die etruskische Nekropole aus dem 3 Jh. v. Chr., die r\u00f6mische Villa \u201eCapo Castello\u201c und ein antiker, etruskischer Ofen bei \u201eCapo Pero\u201c. Besonders suggestiv sind au\u00dferdem bei \u201eRio Marino\u201c der Turm \u201eTorre degli Appiani\u201c, aus dem 15 Jh. und die barocke Kirche von \u201eSan Rocco\u201c, im Zentrum des Dorfes.[\/vc_column_text][vc_masonry_media_grid element_width=&#8220;2&#8243; gap=&#8220;10&#8243; item=&#8220;masonryMedia_ScaleWithRotationLight&#8220; grid_id=&#8220;vc_gid:1595321489401-40082031-91e8-5&#8243; include=&#8220;2254,2255,2256,2257,2258,2259,2260,2261,2262,2263,2264,2265&#8243; css=&#8220;.vc_custom_1570115115090{margin-top: 40px !important;}&#8220;][\/vc_column][\/vc_row]<\/p>\n","protected":false},"excerpt":{"rendered":"<p>[vc_row css=&#8220;.vc_custom_1569826783640{padding-bottom: 40px !important;}&#8220;][vc_column][vc_column_text]\u201eRio Marina\u201c ist ein Dorf mit ca. 1400 Einwohnern und liegt auf der Ostseite Elbas, die schon immer durch ihre antiken Minen, die heute nicht mehr in Betrieb sind, gekennzeichnet wurde. Der Eisenabbau, der bis vor einigen Jahrzehnten in den Bergen betrieben wurde, hat lange Zeit das wirtschaftliche und soziale Leben des [&hellip;]<\/p>\n","protected":false},"author":1,"featured_media":0,"parent":3269,"menu_order":1,"comment_status":"closed","ping_status":"closed","template":"","meta":[],"yoast_head":"<!-- This site is optimized with the Yoast SEO plugin v19.14 - https:\/\/yoast.com\/wordpress\/plugins\/seo\/ -->\n<title>Rio Marina, Insel Elba - Le Sughere del Montefico<\/title>\n<meta name=\"description\" content=\"Rio Marina ist ein Dorf mit ca. 1400 Einwohnern und liegt auf der Ostseite Elbas, die schon immer durch ihre antiken Minen.\" \/>\n<meta name=\"robots\" content=\"index, follow, max-snippet:-1, max-image-preview:large, max-video-preview:-1\" \/>\n<link rel=\"canonical\" href=\"https:\/\/www.lesughere.it\/de\/wo-wir-sind\/rio\/\" \/>\n<meta property=\"og:locale\" content=\"de_DE\" \/>\n<meta property=\"og:type\" content=\"article\" \/>\n<meta property=\"og:title\" content=\"Rio Marina, Insel Elba - Le Sughere del Montefico\" \/>\n<meta property=\"og:description\" content=\"Rio Marina ist ein Dorf mit ca. 1400 Einwohnern und liegt auf der Ostseite Elbas, die schon immer durch ihre antiken Minen.\" \/>\n<meta property=\"og:url\" content=\"https:\/\/www.lesughere.it\/de\/wo-wir-sind\/rio\/\" \/>\n<meta property=\"og:site_name\" content=\"Le Sughere del Montefico\" \/>\n<meta property=\"article:modified_time\" content=\"2020-07-21T08:42:57+00:00\" \/>\n<meta name=\"twitter:card\" content=\"summary_large_image\" \/>\n<meta name=\"twitter:label1\" content=\"Gesch\u00e4tzte Lesezeit\" \/>\n\t<meta name=\"twitter:data1\" content=\"2 Minuten\" \/>\n<script type=\"application\/ld+json\" class=\"yoast-schema-graph\">{\"@context\":\"https:\/\/schema.org\",\"@graph\":[{\"@type\":\"WebPage\",\"@id\":\"https:\/\/www.lesughere.it\/de\/wo-wir-sind\/rio\/\",\"url\":\"https:\/\/www.lesughere.it\/de\/wo-wir-sind\/rio\/\",\"name\":\"Rio Marina, Insel Elba - Le Sughere del Montefico\",\"isPartOf\":{\"@id\":\"https:\/\/www.lesughere.it\/de\/#website\"},\"datePublished\":\"2019-09-13T15:37:26+00:00\",\"dateModified\":\"2020-07-21T08:42:57+00:00\",\"description\":\"Rio Marina ist ein Dorf mit ca. 1400 Einwohnern und liegt auf der Ostseite Elbas, die schon immer durch ihre antiken Minen.\",\"breadcrumb\":{\"@id\":\"https:\/\/www.lesughere.it\/de\/wo-wir-sind\/rio\/#breadcrumb\"},\"inLanguage\":\"de-DE\",\"potentialAction\":[{\"@type\":\"ReadAction\",\"target\":[\"https:\/\/www.lesughere.it\/de\/wo-wir-sind\/rio\/\"]}]},{\"@type\":\"BreadcrumbList\",\"@id\":\"https:\/\/www.lesughere.it\/de\/wo-wir-sind\/rio\/#breadcrumb\",\"itemListElement\":[{\"@type\":\"ListItem\",\"position\":1,\"name\":\"Home\",\"item\":\"https:\/\/www.lesughere.it\/de\/\"},{\"@type\":\"ListItem\",\"position\":2,\"name\":\"Wo Wir Sind\",\"item\":\"https:\/\/www.lesughere.it\/de\/wo-wir-sind\/\"},{\"@type\":\"ListItem\",\"position\":3,\"name\":\"Rio\"}]},{\"@type\":\"WebSite\",\"@id\":\"https:\/\/www.lesughere.it\/de\/#website\",\"url\":\"https:\/\/www.lesughere.it\/de\/\",\"name\":\"Le Sughere del Montefico\",\"description\":\"Azienda Agricola a Rio Marina all&#039;Isola d&#039;Elba\",\"publisher\":{\"@id\":\"https:\/\/www.lesughere.it\/de\/#organization\"},\"potentialAction\":[{\"@type\":\"SearchAction\",\"target\":{\"@type\":\"EntryPoint\",\"urlTemplate\":\"https:\/\/www.lesughere.it\/de\/?s={search_term_string}\"},\"query-input\":\"required name=search_term_string\"}],\"inLanguage\":\"de-DE\"},{\"@type\":\"Organization\",\"@id\":\"https:\/\/www.lesughere.it\/de\/#organization\",\"name\":\"Azienda Agricola Le Sughere del Montefico\",\"url\":\"https:\/\/www.lesughere.it\/de\/\",\"logo\":{\"@type\":\"ImageObject\",\"inLanguage\":\"de-DE\",\"@id\":\"https:\/\/www.lesughere.it\/de\/#\/schema\/logo\/image\/\",\"url\":\"https:\/\/www.lesughere.it\/wp-content\/uploads\/le_sughere_gold.png\",\"contentUrl\":\"https:\/\/www.lesughere.it\/wp-content\/uploads\/le_sughere_gold.png\",\"width\":353,\"height\":300,\"caption\":\"Azienda Agricola Le Sughere del Montefico\"},\"image\":{\"@id\":\"https:\/\/www.lesughere.it\/de\/#\/schema\/logo\/image\/\"}}]}<\/script>\n<!-- \/ Yoast SEO plugin. -->","yoast_head_json":{"title":"Rio Marina, Insel Elba - Le Sughere del Montefico","description":"Rio Marina ist ein Dorf mit ca. 1400 Einwohnern und liegt auf der Ostseite Elbas, die schon immer durch ihre antiken Minen.","robots":{"index":"index","follow":"follow","max-snippet":"max-snippet:-1","max-image-preview":"max-image-preview:large","max-video-preview":"max-video-preview:-1"},"canonical":"https:\/\/www.lesughere.it\/de\/wo-wir-sind\/rio\/","og_locale":"de_DE","og_type":"article","og_title":"Rio Marina, Insel Elba - Le Sughere del Montefico","og_description":"Rio Marina ist ein Dorf mit ca. 1400 Einwohnern und liegt auf der Ostseite Elbas, die schon immer durch ihre antiken Minen.","og_url":"https:\/\/www.lesughere.it\/de\/wo-wir-sind\/rio\/","og_site_name":"Le Sughere del Montefico","article_modified_time":"2020-07-21T08:42:57+00:00","twitter_card":"summary_large_image","twitter_misc":{"Gesch\u00e4tzte Lesezeit":"2 Minuten"},"schema":{"@context":"https:\/\/schema.org","@graph":[{"@type":"WebPage","@id":"https:\/\/www.lesughere.it\/de\/wo-wir-sind\/rio\/","url":"https:\/\/www.lesughere.it\/de\/wo-wir-sind\/rio\/","name":"Rio Marina, Insel Elba - Le Sughere del Montefico","isPartOf":{"@id":"https:\/\/www.lesughere.it\/de\/#website"},"datePublished":"2019-09-13T15:37:26+00:00","dateModified":"2020-07-21T08:42:57+00:00","description":"Rio Marina ist ein Dorf mit ca. 1400 Einwohnern und liegt auf der Ostseite Elbas, die schon immer durch ihre antiken Minen.","breadcrumb":{"@id":"https:\/\/www.lesughere.it\/de\/wo-wir-sind\/rio\/#breadcrumb"},"inLanguage":"de-DE","potentialAction":[{"@type":"ReadAction","target":["https:\/\/www.lesughere.it\/de\/wo-wir-sind\/rio\/"]}]},{"@type":"BreadcrumbList","@id":"https:\/\/www.lesughere.it\/de\/wo-wir-sind\/rio\/#breadcrumb","itemListElement":[{"@type":"ListItem","position":1,"name":"Home","item":"https:\/\/www.lesughere.it\/de\/"},{"@type":"ListItem","position":2,"name":"Wo Wir Sind","item":"https:\/\/www.lesughere.it\/de\/wo-wir-sind\/"},{"@type":"ListItem","position":3,"name":"Rio"}]},{"@type":"WebSite","@id":"https:\/\/www.lesughere.it\/de\/#website","url":"https:\/\/www.lesughere.it\/de\/","name":"Le Sughere del Montefico","description":"Azienda Agricola a Rio Marina all&#039;Isola d&#039;Elba","publisher":{"@id":"https:\/\/www.lesughere.it\/de\/#organization"},"potentialAction":[{"@type":"SearchAction","target":{"@type":"EntryPoint","urlTemplate":"https:\/\/www.lesughere.it\/de\/?s={search_term_string}"},"query-input":"required name=search_term_string"}],"inLanguage":"de-DE"},{"@type":"Organization","@id":"https:\/\/www.lesughere.it\/de\/#organization","name":"Azienda Agricola Le Sughere del Montefico","url":"https:\/\/www.lesughere.it\/de\/","logo":{"@type":"ImageObject","inLanguage":"de-DE","@id":"https:\/\/www.lesughere.it\/de\/#\/schema\/logo\/image\/","url":"https:\/\/www.lesughere.it\/wp-content\/uploads\/le_sughere_gold.png","contentUrl":"https:\/\/www.lesughere.it\/wp-content\/uploads\/le_sughere_gold.png","width":353,"height":300,"caption":"Azienda Agricola Le Sughere del Montefico"},"image":{"@id":"https:\/\/www.lesughere.it\/de\/#\/schema\/logo\/image\/"}}]}},"_links":{"self":[{"href":"https:\/\/www.lesughere.it\/de\/wp-json\/wp\/v2\/pages\/3301"}],"collection":[{"href":"https:\/\/www.lesughere.it\/de\/wp-json\/wp\/v2\/pages"}],"about":[{"href":"https:\/\/www.lesughere.it\/de\/wp-json\/wp\/v2\/types\/page"}],"author":[{"embeddable":true,"href":"https:\/\/www.lesughere.it\/de\/wp-json\/wp\/v2\/users\/1"}],"replies":[{"embeddable":true,"href":"https:\/\/www.lesughere.it\/de\/wp-json\/wp\/v2\/comments?post=3301"}],"version-history":[{"count":2,"href":"https:\/\/www.lesughere.it\/de\/wp-json\/wp\/v2\/pages\/3301\/revisions"}],"predecessor-version":[{"id":3303,"href":"https:\/\/www.lesughere.it\/de\/wp-json\/wp\/v2\/pages\/3301\/revisions\/3303"}],"up":[{"embeddable":true,"href":"https:\/\/www.lesughere.it\/de\/wp-json\/wp\/v2\/pages\/3269"}],"wp:attachment":[{"href":"https:\/\/www.lesughere.it\/de\/wp-json\/wp\/v2\/media?parent=3301"}],"curies":[{"name":"wp","href":"https:\/\/api.w.org\/{rel}","templated":true}]}}