{"id":3480,"date":"2020-12-03T12:07:54","date_gmt":"2020-12-03T11:07:54","guid":{"rendered":"https:\/\/www.lesughere.it\/agriturismus\/agriturismo-in-appartamento\/"},"modified":"2023-08-04T12:22:03","modified_gmt":"2023-08-04T10:22:03","slug":"wohnung","status":"publish","type":"page","link":"https:\/\/www.lesughere.it\/de\/agriturismus\/wohnung\/","title":{"rendered":"Agriturismus in der Wohnung"},"content":{"rendered":"<p>[vc_row css=&#8220;.vc_custom_1569315891060{padding-bottom: 40px !important;}&#8220;][vc_column][vc_column_text]Aus einem fein restaurierten alten Landhaus, 200 m von der Villa entfernt, wurden Wohnungen im toskanischen Stil eingerichtet, mit Meerblick, gro\u00dfen Au\u00dfenbereichen zum Essen im Freien und zum Entspannen, ausgestattet mit St\u00fchlen, Liegest\u00fchlen und umgeben von den Weinbergen der Farm in dominanter Position.<\/p>\n<p>Die klimatisierten Apartments verf\u00fcgen \u00fcber ein Wohnzimmer mit Schlafsofa f\u00fcr zwei Personen in einer Wohnung und in der anderen Wohnung ein Doppelbett, eine ausgestattete K\u00fcche mit Essbereich, ein helles Schlafzimmer mit Doppelbett und Ankleide \/ Kleiderschrank sowie ein komfortables Badezimmer mit Fenster und Badewanne. Bequemer Parkplatz.<\/p>\n<p>Die Wohnungen sind 2 km entfernt von dem Dorf Rio Marina und dem Meer. Die letzten 500 Meter bis zur Unterkunft sind nicht betoniert, aber mit jedem Fahrzeug befahrbar.[\/vc_column_text][vc_masonry_media_grid element_width=&#8220;2&#8243; gap=&#8220;10&#8243; item=&#8220;masonryMedia_ScaleWithRotationLight&#8220; grid_id=&#8220;vc_gid:1691144512220-b09a4b3e-7d24-4&#8243; include=&#8220;3520,3574,3571,3565,3523,3526,3541,3544,3550,3553,3562,4175,4172,4169,4163&#8243; css=&#8220;.vc_custom_1690969747652{margin-top: 40px !important;}&#8220;][\/vc_column][\/vc_row]<\/p>\n","protected":false},"excerpt":{"rendered":"<p>[vc_row css=&#8220;.vc_custom_1569315891060{padding-bottom: 40px !important;}&#8220;][vc_column][vc_column_text]Aus einem fein restaurierten alten Landhaus, 200 m von der Villa entfernt, wurden Wohnungen im toskanischen Stil eingerichtet, mit Meerblick, gro\u00dfen Au\u00dfenbereichen zum Essen im Freien und zum Entspannen, ausgestattet mit St\u00fchlen, Liegest\u00fchlen und umgeben von den Weinbergen der Farm in dominanter Position. Die klimatisierten Apartments verf\u00fcgen \u00fcber ein Wohnzimmer mit Schlafsofa [&hellip;]<\/p>\n","protected":false},"author":1,"featured_media":0,"parent":3375,"menu_order":2,"comment_status":"closed","ping_status":"closed","template":"","meta":[],"yoast_head":"<!-- This site is optimized with the Yoast SEO plugin v19.14 - https:\/\/yoast.com\/wordpress\/plugins\/seo\/ -->\n<title>Agriturismus in der Wohnung Le Sughere del Montefico - Rio Marina, Insel Elba<\/title>\n<meta name=\"description\" content=\"Aus einem fein restaurierten alten Landhaus, 200 m von der Villa entfernt, wurde eine Wohnung im toskanischen Stil eingerichtet, mit Meerblick.\" \/>\n<meta name=\"robots\" content=\"index, follow, max-snippet:-1, max-image-preview:large, max-video-preview:-1\" \/>\n<link rel=\"canonical\" href=\"https:\/\/www.lesughere.it\/de\/agriturismus\/wohnung\/\" \/>\n<meta property=\"og:locale\" content=\"de_DE\" \/>\n<meta property=\"og:type\" content=\"article\" \/>\n<meta property=\"og:title\" content=\"Agriturismus in der Wohnung Le Sughere del Montefico - Rio Marina, Insel Elba\" \/>\n<meta property=\"og:description\" content=\"Aus einem fein restaurierten alten Landhaus, 200 m von der Villa entfernt, wurde eine Wohnung im toskanischen Stil eingerichtet, mit Meerblick.\" \/>\n<meta property=\"og:url\" content=\"https:\/\/www.lesughere.it\/de\/agriturismus\/wohnung\/\" \/>\n<meta property=\"og:site_name\" content=\"Le Sughere del Montefico\" \/>\n<meta property=\"article:modified_time\" content=\"2023-08-04T10:22:03+00:00\" \/>\n<meta name=\"twitter:card\" content=\"summary_large_image\" \/>\n<meta name=\"twitter:label1\" content=\"Gesch\u00e4tzte Lesezeit\" \/>\n\t<meta name=\"twitter:data1\" content=\"1 Minute\" \/>\n<script type=\"application\/ld+json\" class=\"yoast-schema-graph\">{\"@context\":\"https:\/\/schema.org\",\"@graph\":[{\"@type\":\"WebPage\",\"@id\":\"https:\/\/www.lesughere.it\/de\/agriturismus\/wohnung\/\",\"url\":\"https:\/\/www.lesughere.it\/de\/agriturismus\/wohnung\/\",\"name\":\"Agriturismus in der Wohnung Le Sughere del Montefico - Rio Marina, Insel Elba\",\"isPartOf\":{\"@id\":\"https:\/\/www.lesughere.it\/de\/#website\"},\"datePublished\":\"2020-12-03T11:07:54+00:00\",\"dateModified\":\"2023-08-04T10:22:03+00:00\",\"description\":\"Aus einem fein restaurierten alten Landhaus, 200 m von der Villa entfernt, wurde eine Wohnung im toskanischen Stil eingerichtet, mit Meerblick.\",\"breadcrumb\":{\"@id\":\"https:\/\/www.lesughere.it\/de\/agriturismus\/wohnung\/#breadcrumb\"},\"inLanguage\":\"de-DE\",\"potentialAction\":[{\"@type\":\"ReadAction\",\"target\":[\"https:\/\/www.lesughere.it\/de\/agriturismus\/wohnung\/\"]}]},{\"@type\":\"BreadcrumbList\",\"@id\":\"https:\/\/www.lesughere.it\/de\/agriturismus\/wohnung\/#breadcrumb\",\"itemListElement\":[{\"@type\":\"ListItem\",\"position\":1,\"name\":\"Home\",\"item\":\"https:\/\/www.lesughere.it\/de\/\"},{\"@type\":\"ListItem\",\"position\":2,\"name\":\"Agriturismus\",\"item\":\"https:\/\/www.lesughere.it\/de\/agriturismus\/\"},{\"@type\":\"ListItem\",\"position\":3,\"name\":\"Agriturismus in der Wohnung\"}]},{\"@type\":\"WebSite\",\"@id\":\"https:\/\/www.lesughere.it\/de\/#website\",\"url\":\"https:\/\/www.lesughere.it\/de\/\",\"name\":\"Le Sughere del Montefico\",\"description\":\"Azienda Agricola a Rio Marina all&#039;Isola d&#039;Elba\",\"publisher\":{\"@id\":\"https:\/\/www.lesughere.it\/de\/#organization\"},\"potentialAction\":[{\"@type\":\"SearchAction\",\"target\":{\"@type\":\"EntryPoint\",\"urlTemplate\":\"https:\/\/www.lesughere.it\/de\/?s={search_term_string}\"},\"query-input\":\"required name=search_term_string\"}],\"inLanguage\":\"de-DE\"},{\"@type\":\"Organization\",\"@id\":\"https:\/\/www.lesughere.it\/de\/#organization\",\"name\":\"Azienda Agricola Le Sughere del Montefico\",\"url\":\"https:\/\/www.lesughere.it\/de\/\",\"logo\":{\"@type\":\"ImageObject\",\"inLanguage\":\"de-DE\",\"@id\":\"https:\/\/www.lesughere.it\/de\/#\/schema\/logo\/image\/\",\"url\":\"https:\/\/www.lesughere.it\/wp-content\/uploads\/le_sughere_gold.png\",\"contentUrl\":\"https:\/\/www.lesughere.it\/wp-content\/uploads\/le_sughere_gold.png\",\"width\":353,\"height\":300,\"caption\":\"Azienda Agricola Le Sughere del Montefico\"},\"image\":{\"@id\":\"https:\/\/www.lesughere.it\/de\/#\/schema\/logo\/image\/\"}}]}<\/script>\n<!-- \/ Yoast SEO plugin. -->","yoast_head_json":{"title":"Agriturismus in der Wohnung Le Sughere del Montefico - Rio Marina, Insel Elba","description":"Aus einem fein restaurierten alten Landhaus, 200 m von der Villa entfernt, wurde eine Wohnung im toskanischen Stil eingerichtet, mit Meerblick.","robots":{"index":"index","follow":"follow","max-snippet":"max-snippet:-1","max-image-preview":"max-image-preview:large","max-video-preview":"max-video-preview:-1"},"canonical":"https:\/\/www.lesughere.it\/de\/agriturismus\/wohnung\/","og_locale":"de_DE","og_type":"article","og_title":"Agriturismus in der Wohnung Le Sughere del Montefico - Rio Marina, Insel Elba","og_description":"Aus einem fein restaurierten alten Landhaus, 200 m von der Villa entfernt, wurde eine Wohnung im toskanischen Stil eingerichtet, mit Meerblick.","og_url":"https:\/\/www.lesughere.it\/de\/agriturismus\/wohnung\/","og_site_name":"Le Sughere del Montefico","article_modified_time":"2023-08-04T10:22:03+00:00","twitter_card":"summary_large_image","twitter_misc":{"Gesch\u00e4tzte Lesezeit":"1 Minute"},"schema":{"@context":"https:\/\/schema.org","@graph":[{"@type":"WebPage","@id":"https:\/\/www.lesughere.it\/de\/agriturismus\/wohnung\/","url":"https:\/\/www.lesughere.it\/de\/agriturismus\/wohnung\/","name":"Agriturismus in der Wohnung Le Sughere del Montefico - Rio Marina, Insel Elba","isPartOf":{"@id":"https:\/\/www.lesughere.it\/de\/#website"},"datePublished":"2020-12-03T11:07:54+00:00","dateModified":"2023-08-04T10:22:03+00:00","description":"Aus einem fein restaurierten alten Landhaus, 200 m von der Villa entfernt, wurde eine Wohnung im toskanischen Stil eingerichtet, mit Meerblick.","breadcrumb":{"@id":"https:\/\/www.lesughere.it\/de\/agriturismus\/wohnung\/#breadcrumb"},"inLanguage":"de-DE","potentialAction":[{"@type":"ReadAction","target":["https:\/\/www.lesughere.it\/de\/agriturismus\/wohnung\/"]}]},{"@type":"BreadcrumbList","@id":"https:\/\/www.lesughere.it\/de\/agriturismus\/wohnung\/#breadcrumb","itemListElement":[{"@type":"ListItem","position":1,"name":"Home","item":"https:\/\/www.lesughere.it\/de\/"},{"@type":"ListItem","position":2,"name":"Agriturismus","item":"https:\/\/www.lesughere.it\/de\/agriturismus\/"},{"@type":"ListItem","position":3,"name":"Agriturismus in der Wohnung"}]},{"@type":"WebSite","@id":"https:\/\/www.lesughere.it\/de\/#website","url":"https:\/\/www.lesughere.it\/de\/","name":"Le Sughere del Montefico","description":"Azienda Agricola a Rio Marina all&#039;Isola d&#039;Elba","publisher":{"@id":"https:\/\/www.lesughere.it\/de\/#organization"},"potentialAction":[{"@type":"SearchAction","target":{"@type":"EntryPoint","urlTemplate":"https:\/\/www.lesughere.it\/de\/?s={search_term_string}"},"query-input":"required name=search_term_string"}],"inLanguage":"de-DE"},{"@type":"Organization","@id":"https:\/\/www.lesughere.it\/de\/#organization","name":"Azienda Agricola Le Sughere del Montefico","url":"https:\/\/www.lesughere.it\/de\/","logo":{"@type":"ImageObject","inLanguage":"de-DE","@id":"https:\/\/www.lesughere.it\/de\/#\/schema\/logo\/image\/","url":"https:\/\/www.lesughere.it\/wp-content\/uploads\/le_sughere_gold.png","contentUrl":"https:\/\/www.lesughere.it\/wp-content\/uploads\/le_sughere_gold.png","width":353,"height":300,"caption":"Azienda Agricola Le Sughere del Montefico"},"image":{"@id":"https:\/\/www.lesughere.it\/de\/#\/schema\/logo\/image\/"}}]}},"_links":{"self":[{"href":"https:\/\/www.lesughere.it\/de\/wp-json\/wp\/v2\/pages\/3480"}],"collection":[{"href":"https:\/\/www.lesughere.it\/de\/wp-json\/wp\/v2\/pages"}],"about":[{"href":"https:\/\/www.lesughere.it\/de\/wp-json\/wp\/v2\/types\/page"}],"author":[{"embeddable":true,"href":"https:\/\/www.lesughere.it\/de\/wp-json\/wp\/v2\/users\/1"}],"replies":[{"embeddable":true,"href":"https:\/\/www.lesughere.it\/de\/wp-json\/wp\/v2\/comments?post=3480"}],"version-history":[{"count":8,"href":"https:\/\/www.lesughere.it\/de\/wp-json\/wp\/v2\/pages\/3480\/revisions"}],"predecessor-version":[{"id":4356,"href":"https:\/\/www.lesughere.it\/de\/wp-json\/wp\/v2\/pages\/3480\/revisions\/4356"}],"up":[{"embeddable":true,"href":"https:\/\/www.lesughere.it\/de\/wp-json\/wp\/v2\/pages\/3375"}],"wp:attachment":[{"href":"https:\/\/www.lesughere.it\/de\/wp-json\/wp\/v2\/media?parent=3480"}],"curies":[{"name":"wp","href":"https:\/\/api.w.org\/{rel}","templated":true}]}}